{"id":95,"date":"2024-04-11T13:52:48","date_gmt":"2024-04-11T11:52:48","guid":{"rendered":"https:\/\/www.ispindel.fr\/?page_id=95"},"modified":"2024-11-01T22:14:58","modified_gmt":"2024-11-01T21:14:58","slug":"demarrage-rapide-configuration-grainfather","status":"publish","type":"page","link":"https:\/\/www.ispindel.fr\/en\/demarrage-rapide\/demarrage-rapide-configuration-grainfather\/","title":{"rendered":"Grainfather Configuration"},"content":{"rendered":"<p>After following the <a href=\"https:\/\/www.ispindel.fr\/en\/demarrage-rapide\/\">Part 1 of the tutorial<\/a>, we will now configure the iSpindel to connect to <a href=\"https:\/\/community.grainfather.com\/\">Grainfather<\/a> (web version).<\/p>\n<h2>Account Creation \/ Account Login<\/h2>\n<p>Log in at the following address: <a href=\"https:\/\/community.grainfather.com\/\">https:\/\/community.grainfather.com\/<\/a><\/p>\n<p><img loading=\"lazy\" decoding=\"async\" class=\"alignnone size-full wp-image-97\" src=\"https:\/\/www.ispindel.fr\/wp-content\/uploads\/2024\/04\/grainfather-connect.png\" alt=\"\" width=\"786\" height=\"671\" srcset=\"https:\/\/www.ispindel.fr\/wp-content\/uploads\/2024\/04\/grainfather-connect.png 786w, https:\/\/www.ispindel.fr\/wp-content\/uploads\/2024\/04\/grainfather-connect-300x256.png 300w, https:\/\/www.ispindel.fr\/wp-content\/uploads\/2024\/04\/grainfather-connect-768x656.png 768w, https:\/\/www.ispindel.fr\/wp-content\/uploads\/2024\/04\/grainfather-connect-351x300.png 351w\" sizes=\"auto, (max-width: 786px) 100vw, 786px\" \/><\/p>\n<p>Create your account, or log in to your account.<\/p>\n<h2>Adding a connected object<\/h2>\n<p>In the left-hand menu, click on \u201cEquipment.\u201d<\/p>\n<p><img loading=\"lazy\" decoding=\"async\" class=\"alignnone size-full wp-image-98\" src=\"https:\/\/www.ispindel.fr\/wp-content\/uploads\/2024\/04\/grainfather-equipment.png\" alt=\"\" width=\"286\" height=\"803\" srcset=\"https:\/\/www.ispindel.fr\/wp-content\/uploads\/2024\/04\/grainfather-equipment.png 286w, https:\/\/www.ispindel.fr\/wp-content\/uploads\/2024\/04\/grainfather-equipment-107x300.png 107w\" sizes=\"auto, (max-width: 286px) 100vw, 286px\" \/><\/p>\n<p>Then click \u201cAdd Fermentation Device\u201d<\/p>\n<p><img loading=\"lazy\" decoding=\"async\" class=\"alignnone size-full wp-image-99\" src=\"https:\/\/www.ispindel.fr\/wp-content\/uploads\/2024\/04\/grainfather-equipment-add.png\" alt=\"\" width=\"1039\" height=\"535\" srcset=\"https:\/\/www.ispindel.fr\/wp-content\/uploads\/2024\/04\/grainfather-equipment-add.png 1039w, https:\/\/www.ispindel.fr\/wp-content\/uploads\/2024\/04\/grainfather-equipment-add-300x154.png 300w, https:\/\/www.ispindel.fr\/wp-content\/uploads\/2024\/04\/grainfather-equipment-add-1024x527.png 1024w, https:\/\/www.ispindel.fr\/wp-content\/uploads\/2024\/04\/grainfather-equipment-add-768x395.png 768w, https:\/\/www.ispindel.fr\/wp-content\/uploads\/2024\/04\/grainfather-equipment-add-500x257.png 500w\" sizes=\"auto, (max-width: 1039px) 100vw, 1039px\" \/><\/p>\n<p>Select \u201ciSpindel DIY electronic Hydrometer\u201d<\/p>\n<p><img loading=\"lazy\" decoding=\"async\" class=\"alignnone size-full wp-image-100\" src=\"https:\/\/www.ispindel.fr\/wp-content\/uploads\/2024\/04\/grainfather-equipment-add-choice.png\" alt=\"\" width=\"843\" height=\"703\" srcset=\"https:\/\/www.ispindel.fr\/wp-content\/uploads\/2024\/04\/grainfather-equipment-add-choice.png 843w, https:\/\/www.ispindel.fr\/wp-content\/uploads\/2024\/04\/grainfather-equipment-add-choice-300x250.png 300w, https:\/\/www.ispindel.fr\/wp-content\/uploads\/2024\/04\/grainfather-equipment-add-choice-768x640.png 768w, https:\/\/www.ispindel.fr\/wp-content\/uploads\/2024\/04\/grainfather-equipment-add-choice-360x300.png 360w\" sizes=\"auto, (max-width: 843px) 100vw, 843px\" \/><\/p>\n<p>As requested, give your iSpindel a name<\/p>\n<p><img loading=\"lazy\" decoding=\"async\" class=\"alignnone size-full wp-image-101\" src=\"https:\/\/www.ispindel.fr\/wp-content\/uploads\/2024\/04\/grainfather-equipment-add-name.png\" alt=\"\" width=\"850\" height=\"225\" srcset=\"https:\/\/www.ispindel.fr\/wp-content\/uploads\/2024\/04\/grainfather-equipment-add-name.png 850w, https:\/\/www.ispindel.fr\/wp-content\/uploads\/2024\/04\/grainfather-equipment-add-name-300x79.png 300w, https:\/\/www.ispindel.fr\/wp-content\/uploads\/2024\/04\/grainfather-equipment-add-name-768x203.png 768w, https:\/\/www.ispindel.fr\/wp-content\/uploads\/2024\/04\/grainfather-equipment-add-name-500x132.png 500w\" sizes=\"auto, (max-width: 850px) 100vw, 850px\" \/><\/p>\n<p>In the window that opens, click on \u201cView Setup Instructions\u201d.\u201d<\/p>\n<p><img loading=\"lazy\" decoding=\"async\" class=\"alignnone size-full wp-image-102\" src=\"https:\/\/www.ispindel.fr\/wp-content\/uploads\/2024\/04\/grainfather-equipment-add-instructions.png\" alt=\"\" width=\"1913\" height=\"373\" srcset=\"https:\/\/www.ispindel.fr\/wp-content\/uploads\/2024\/04\/grainfather-equipment-add-instructions.png 1913w, https:\/\/www.ispindel.fr\/wp-content\/uploads\/2024\/04\/grainfather-equipment-add-instructions-300x58.png 300w, https:\/\/www.ispindel.fr\/wp-content\/uploads\/2024\/04\/grainfather-equipment-add-instructions-1024x200.png 1024w, https:\/\/www.ispindel.fr\/wp-content\/uploads\/2024\/04\/grainfather-equipment-add-instructions-768x150.png 768w, https:\/\/www.ispindel.fr\/wp-content\/uploads\/2024\/04\/grainfather-equipment-add-instructions-1536x299.png 1536w, https:\/\/www.ispindel.fr\/wp-content\/uploads\/2024\/04\/grainfather-equipment-add-instructions-500x97.png 500w\" sizes=\"auto, (max-width: 1913px) 100vw, 1913px\" \/><\/p>\n<p>In the new window that opens, you will see the \u201cServer URL\u201d to enter in the iSpindel configuration settings.<\/p>\n<p><img loading=\"lazy\" decoding=\"async\" class=\"alignnone size-full wp-image-103\" src=\"https:\/\/www.ispindel.fr\/wp-content\/uploads\/2024\/04\/grainfather-equipment-add-server-url.png\" alt=\"\" width=\"1273\" height=\"630\" srcset=\"https:\/\/www.ispindel.fr\/wp-content\/uploads\/2024\/04\/grainfather-equipment-add-server-url.png 1273w, https:\/\/www.ispindel.fr\/wp-content\/uploads\/2024\/04\/grainfather-equipment-add-server-url-300x148.png 300w, https:\/\/www.ispindel.fr\/wp-content\/uploads\/2024\/04\/grainfather-equipment-add-server-url-1024x507.png 1024w, https:\/\/www.ispindel.fr\/wp-content\/uploads\/2024\/04\/grainfather-equipment-add-server-url-768x380.png 768w, https:\/\/www.ispindel.fr\/wp-content\/uploads\/2024\/04\/grainfather-equipment-add-server-url-500x247.png 500w\" sizes=\"auto, (max-width: 1273px) 100vw, 1273px\" \/><\/p>\n<h2>iSpindel Configuration<\/h2>\n<p>Return to your iSpindel's configuration page, then click \u201cConfiguration\u201d<\/p>\n<p><img loading=\"lazy\" decoding=\"async\" class=\"alignnone size-full wp-image-86\" src=\"https:\/\/www.ispindel.fr\/wp-content\/uploads\/2024\/04\/ispindel-config.png\" alt=\"\" width=\"830\" height=\"950\" srcset=\"https:\/\/www.ispindel.fr\/wp-content\/uploads\/2024\/04\/ispindel-config.png 830w, https:\/\/www.ispindel.fr\/wp-content\/uploads\/2024\/04\/ispindel-config-262x300.png 262w, https:\/\/www.ispindel.fr\/wp-content\/uploads\/2024\/04\/ispindel-config-768x879.png 768w\" sizes=\"auto, (max-width: 830px) 100vw, 830px\" \/><\/p>\n<p>A configuration settings page opens.<\/p>\n<p>The data to be filled in are as follows:<\/p>\n<ol>\n<li><em><u>SSID:<\/u><\/em> In the list of Wi-Fi networks displayed at the top, click on the network you want to connect your device to so that the SSID is automatically filled in.<\/li>\n<li><em><u>Password:<\/u><\/em> Enter your WIFI network password here<\/li>\n<li><em><u>Spider Name :<\/u><\/em> Name_your_device<br \/>\nIf you use a density in <span style=\"color: #ff0000;\"><strong>specific gravity<\/strong><\/span> (often the case, especially for those I sell, unless expressly requested), You must <strong><span style=\"color: #ff0000;\">add \u201c,SG\u201d<\/span><\/strong> at the end of the name. For example: iSpindel000 will become: iSpindel000,SG<br \/>\nIf your iSpindel is configured in degrees Plato, you don't need to add anything.<\/li>\n<li><em><u>Update internal:<\/u><\/em> <span style=\"color: #ff0000;\"><strong>900<\/strong><\/span><br \/>\nThis is the data refresh interval in seconds. You should set a reasonable refresh interval here. Grainfather filters out anything under 15 minutes (900 seconds). With 15 minutes and a good Wi-Fi connection, it's possible to last for several weeks. Increasing it to 30 minutes or 1 hour is also fine...<\/li>\n<li><em><u>Battery conversion factor<\/u><\/em> <span style=\"color: #ff0000;\"><strong>leave what is written<\/strong><\/span><br \/>\nThis setting allows the iSpindel to display (or at least approximate as closely as possible) the actual battery voltage.<\/li>\n<li><em><u>Degree Celsius<\/u><\/em> Choose your unit<\/li>\n<li><em><u>Service type:<\/u><\/em> Choose the mode\u201c<span style=\"color: #ff0000;\"><strong>HTTP<\/strong><\/span>\u201c<\/li>\n<li><em><u>Token \/ API key<\/u><\/em> <span style=\"color: #ff0000;\"><strong>NOTHING<\/strong><\/span><\/li>\n<li><em><u>Server Address:<\/u><\/em> <span style=\"color: #ff0000;\"><strong>community.grainfather.com<\/strong><\/span><\/li>\n<li><em><u>Server Port:<\/u><\/em> <span style=\"color: #ff0000;\"><strong>80<\/strong><\/span><\/li>\n<li><em><u>Path \/ URL<\/u><\/em> This URL is the one provided by Grainfather as seen above after adding the iSpindel. Here, according to the example, you need to note: <span style=\"color: #ff0000;\"><strong>\/iot\/rosy-need\/ispindel<\/strong><\/span><\/li>\n<li>Press \u201cSAVE\u201d at the end of the form<\/li>\n<\/ol>\n<h2>Conclusion<\/h2>\n<p>Your iSpindel will restart. The blue LED will flash rapidly for a few seconds, then turn off before turning on once (It will exit config mode, enter normal mode, wake up, measure, and send data).<\/p>\n<p>If all goes well, the blue LED will only light up again in 15 minutes (if you left 900 in \u201cupdate interval\u201d). If the blue LED starts blinking rapidly again, it means there's a configuration issue.<\/p>\n<p>To verify that everything is okay, return to Grainfather. You should see a change appear.<\/p>\n<p>The status \u201cdot\u201d should change from red to green and give you units like density and temperature.<\/p>\n<p><img loading=\"lazy\" decoding=\"async\" class=\"alignnone size-full wp-image-108\" src=\"https:\/\/www.ispindel.fr\/wp-content\/uploads\/2024\/04\/grainfather-equipment-ok.png\" alt=\"\" width=\"936\" height=\"277\" srcset=\"https:\/\/www.ispindel.fr\/wp-content\/uploads\/2024\/04\/grainfather-equipment-ok.png 936w, https:\/\/www.ispindel.fr\/wp-content\/uploads\/2024\/04\/grainfather-equipment-ok-300x89.png 300w, https:\/\/www.ispindel.fr\/wp-content\/uploads\/2024\/04\/grainfather-equipment-ok-768x227.png 768w, https:\/\/www.ispindel.fr\/wp-content\/uploads\/2024\/04\/grainfather-equipment-ok-500x148.png 500w\" sizes=\"auto, (max-width: 936px) 100vw, 936px\" \/><\/p>\n<p>All you have to do is assign your iSpindel to a brew, and you will have the alcohol content and attenuation.<\/p>","protected":false},"excerpt":{"rendered":"<p>Apr\u00e8s avoir suivi la premi\u00e8re partie du tutoriel, nous allons maintenant configurer l&#8217;iSpindel pour se connecter \u00e0 Grainfather (version web). Cr\u00e9ation du compte \/ Connexion au compte Connectez-vous \u00e0 l&#8217;adresse suivante : https:\/\/community.grainfather.com\/ Cr\u00e9ez votre compte, ou connectez vous \u00e0 &hellip; <a href=\"https:\/\/www.ispindel.fr\/en\/demarrage-rapide\/demarrage-rapide-configuration-grainfather\/\">Continue reading <span class=\"meta-nav\">&rarr;<\/span><\/a><\/p>","protected":false},"author":1,"featured_media":108,"parent":28,"menu_order":0,"comment_status":"closed","ping_status":"closed","template":"","meta":{"footnotes":""},"class_list":["post-95","page","type-page","status-publish","has-post-thumbnail","hentry"],"yoast_head":"<!-- This site is optimized with the Yoast SEO Premium plugin v22.3 (Yoast SEO v22.3) - https:\/\/yoast.com\/wordpress\/plugins\/seo\/ -->\n<title>Configuration Grainfather - Boutique iSpindel.Fr - Densim\u00e8tre connect\u00e9 DIY<\/title>\n<meta name=\"description\" content=\"Configuration du iSpindel \u00e0 Grainfather. Suivi densit\u00e9 en ligne. Densit\u00e9, temp\u00e9rature, niveau de batterie....\" \/>\n<meta name=\"robots\" content=\"index, follow, max-snippet:-1, max-image-preview:large, max-video-preview:-1\" \/>\n<link rel=\"canonical\" href=\"https:\/\/www.ispindel.fr\/en\/demarrage-rapide\/demarrage-rapide-configuration-grainfather\/\" \/>\n<meta property=\"og:locale\" content=\"en_US\" \/>\n<meta property=\"og:type\" content=\"article\" \/>\n<meta property=\"og:title\" content=\"Configuration Grainfather\" \/>\n<meta property=\"og:description\" content=\"Configuration du iSpindel \u00e0 Grainfather. Suivi densit\u00e9 en ligne. Densit\u00e9, temp\u00e9rature, niveau de batterie....\" \/>\n<meta property=\"og:url\" content=\"https:\/\/www.ispindel.fr\/en\/demarrage-rapide\/demarrage-rapide-configuration-grainfather\/\" \/>\n<meta property=\"og:site_name\" content=\"Boutique iSpindel.Fr - Densim\u00e8tre connect\u00e9 DIY\" \/>\n<meta property=\"article:modified_time\" content=\"2024-11-01T21:14:58+00:00\" \/>\n<meta property=\"og:image\" content=\"https:\/\/www.ispindel.fr\/wp-content\/uploads\/2024\/04\/grainfather-equipment-ok.png\" \/>\n\t<meta property=\"og:image:width\" content=\"936\" \/>\n\t<meta property=\"og:image:height\" content=\"277\" \/>\n\t<meta property=\"og:image:type\" content=\"image\/png\" \/>\n<meta name=\"twitter:card\" content=\"summary_large_image\" \/>\n<meta name=\"twitter:label1\" content=\"Est. reading time\" \/>\n\t<meta name=\"twitter:data1\" content=\"5 minutes\" \/>\n<script type=\"application\/ld+json\" class=\"yoast-schema-graph\">{\"@context\":\"https:\/\/schema.org\",\"@graph\":[{\"@type\":\"WebPage\",\"@id\":\"https:\/\/www.ispindel.fr\/demarrage-rapide\/demarrage-rapide-configuration-grainfather\/\",\"url\":\"https:\/\/www.ispindel.fr\/demarrage-rapide\/demarrage-rapide-configuration-grainfather\/\",\"name\":\"Configuration Grainfather - Boutique iSpindel.Fr - Densim\u00e8tre connect\u00e9 DIY\",\"isPartOf\":{\"@id\":\"https:\/\/www.ispindel.fr\/#website\"},\"primaryImageOfPage\":{\"@id\":\"https:\/\/www.ispindel.fr\/demarrage-rapide\/demarrage-rapide-configuration-grainfather\/#primaryimage\"},\"image\":{\"@id\":\"https:\/\/www.ispindel.fr\/demarrage-rapide\/demarrage-rapide-configuration-grainfather\/#primaryimage\"},\"thumbnailUrl\":\"https:\/\/www.ispindel.fr\/wp-content\/uploads\/2024\/04\/grainfather-equipment-ok.png\",\"datePublished\":\"2024-04-11T11:52:48+00:00\",\"dateModified\":\"2024-11-01T21:14:58+00:00\",\"description\":\"Configuration du iSpindel \u00e0 Grainfather. Suivi densit\u00e9 en ligne. Densit\u00e9, temp\u00e9rature, niveau de batterie....\",\"breadcrumb\":{\"@id\":\"https:\/\/www.ispindel.fr\/demarrage-rapide\/demarrage-rapide-configuration-grainfather\/#breadcrumb\"},\"inLanguage\":\"en-US\",\"potentialAction\":[{\"@type\":\"ReadAction\",\"target\":[\"https:\/\/www.ispindel.fr\/demarrage-rapide\/demarrage-rapide-configuration-grainfather\/\"]}]},{\"@type\":\"ImageObject\",\"inLanguage\":\"en-US\",\"@id\":\"https:\/\/www.ispindel.fr\/demarrage-rapide\/demarrage-rapide-configuration-grainfather\/#primaryimage\",\"url\":\"https:\/\/www.ispindel.fr\/wp-content\/uploads\/2024\/04\/grainfather-equipment-ok.png\",\"contentUrl\":\"https:\/\/www.ispindel.fr\/wp-content\/uploads\/2024\/04\/grainfather-equipment-ok.png\",\"width\":936,\"height\":277},{\"@type\":\"BreadcrumbList\",\"@id\":\"https:\/\/www.ispindel.fr\/demarrage-rapide\/demarrage-rapide-configuration-grainfather\/#breadcrumb\",\"itemListElement\":[{\"@type\":\"ListItem\",\"position\":1,\"name\":\"Accueil\",\"item\":\"https:\/\/www.ispindel.fr\/\"},{\"@type\":\"ListItem\",\"position\":2,\"name\":\"D\u00e9marrage Rapide, premier d\u00e9marrage\",\"item\":\"https:\/\/www.ispindel.fr\/demarrage-rapide\/\"},{\"@type\":\"ListItem\",\"position\":3,\"name\":\"Configuration Grainfather\"}]},{\"@type\":\"WebSite\",\"@id\":\"https:\/\/www.ispindel.fr\/#website\",\"url\":\"https:\/\/www.ispindel.fr\/\",\"name\":\"iSpindel.Fr - Densim\u00e8tre connect\u00e9 DIY\",\"description\":\"Site francophone autour du iSpindel. Tutoriels, montage, achats, configuration...\",\"publisher\":{\"@id\":\"https:\/\/www.ispindel.fr\/#\/schema\/person\/782362459c10d01f80726f78cd31c5a3\"},\"potentialAction\":[{\"@type\":\"SearchAction\",\"target\":{\"@type\":\"EntryPoint\",\"urlTemplate\":\"https:\/\/www.ispindel.fr\/?s={search_term_string}\"},\"query-input\":\"required name=search_term_string\"}],\"inLanguage\":\"en-US\"},{\"@type\":[\"Person\",\"Organization\"],\"@id\":\"https:\/\/www.ispindel.fr\/#\/schema\/person\/782362459c10d01f80726f78cd31c5a3\",\"name\":\"PONSOT Josquin\",\"logo\":{\"@id\":\"https:\/\/www.ispindel.fr\/#\/schema\/person\/image\/\"},\"sameAs\":[\"https:\/\/www.ispindel.fr\"],\"honorificPrefix\":\"M.\",\"publishingPrinciples\":\"https:\/\/www.ispindel.fr\/\"}]}<\/script>\n<!-- \/ Yoast SEO Premium plugin. -->","yoast_head_json":{"title":"Configuration Grainfather - Boutique iSpindel.Fr - Densim\u00e8tre connect\u00e9 DIY","description":"Configuration du iSpindel \u00e0 Grainfather. Suivi densit\u00e9 en ligne. Densit\u00e9, temp\u00e9rature, niveau de batterie....","robots":{"index":"index","follow":"follow","max-snippet":"max-snippet:-1","max-image-preview":"max-image-preview:large","max-video-preview":"max-video-preview:-1"},"canonical":"https:\/\/www.ispindel.fr\/en\/demarrage-rapide\/demarrage-rapide-configuration-grainfather\/","og_locale":"en_US","og_type":"article","og_title":"Configuration Grainfather","og_description":"Configuration du iSpindel \u00e0 Grainfather. Suivi densit\u00e9 en ligne. Densit\u00e9, temp\u00e9rature, niveau de batterie....","og_url":"https:\/\/www.ispindel.fr\/en\/demarrage-rapide\/demarrage-rapide-configuration-grainfather\/","og_site_name":"Boutique iSpindel.Fr - Densim\u00e8tre connect\u00e9 DIY","article_modified_time":"2024-11-01T21:14:58+00:00","og_image":[{"width":936,"height":277,"url":"https:\/\/www.ispindel.fr\/wp-content\/uploads\/2024\/04\/grainfather-equipment-ok.png","type":"image\/png"}],"twitter_card":"summary_large_image","twitter_misc":{"Est. reading time":"5 minutes"},"schema":{"@context":"https:\/\/schema.org","@graph":[{"@type":"WebPage","@id":"https:\/\/www.ispindel.fr\/demarrage-rapide\/demarrage-rapide-configuration-grainfather\/","url":"https:\/\/www.ispindel.fr\/demarrage-rapide\/demarrage-rapide-configuration-grainfather\/","name":"Configuration Grainfather - Boutique iSpindel.Fr - Densim\u00e8tre connect\u00e9 DIY","isPartOf":{"@id":"https:\/\/www.ispindel.fr\/#website"},"primaryImageOfPage":{"@id":"https:\/\/www.ispindel.fr\/demarrage-rapide\/demarrage-rapide-configuration-grainfather\/#primaryimage"},"image":{"@id":"https:\/\/www.ispindel.fr\/demarrage-rapide\/demarrage-rapide-configuration-grainfather\/#primaryimage"},"thumbnailUrl":"https:\/\/www.ispindel.fr\/wp-content\/uploads\/2024\/04\/grainfather-equipment-ok.png","datePublished":"2024-04-11T11:52:48+00:00","dateModified":"2024-11-01T21:14:58+00:00","description":"Configuration du iSpindel \u00e0 Grainfather. Suivi densit\u00e9 en ligne. Densit\u00e9, temp\u00e9rature, niveau de batterie....","breadcrumb":{"@id":"https:\/\/www.ispindel.fr\/demarrage-rapide\/demarrage-rapide-configuration-grainfather\/#breadcrumb"},"inLanguage":"en-US","potentialAction":[{"@type":"ReadAction","target":["https:\/\/www.ispindel.fr\/demarrage-rapide\/demarrage-rapide-configuration-grainfather\/"]}]},{"@type":"ImageObject","inLanguage":"en-US","@id":"https:\/\/www.ispindel.fr\/demarrage-rapide\/demarrage-rapide-configuration-grainfather\/#primaryimage","url":"https:\/\/www.ispindel.fr\/wp-content\/uploads\/2024\/04\/grainfather-equipment-ok.png","contentUrl":"https:\/\/www.ispindel.fr\/wp-content\/uploads\/2024\/04\/grainfather-equipment-ok.png","width":936,"height":277},{"@type":"BreadcrumbList","@id":"https:\/\/www.ispindel.fr\/demarrage-rapide\/demarrage-rapide-configuration-grainfather\/#breadcrumb","itemListElement":[{"@type":"ListItem","position":1,"name":"Accueil","item":"https:\/\/www.ispindel.fr\/"},{"@type":"ListItem","position":2,"name":"D\u00e9marrage Rapide, premier d\u00e9marrage","item":"https:\/\/www.ispindel.fr\/demarrage-rapide\/"},{"@type":"ListItem","position":3,"name":"Configuration Grainfather"}]},{"@type":"WebSite","@id":"https:\/\/www.ispindel.fr\/#website","url":"https:\/\/www.ispindel.fr\/","name":"iSpindel.Fr - Densim\u00e8tre connect\u00e9 DIY","description":"Site francophone autour du iSpindel. Tutoriels, montage, achats, configuration...","publisher":{"@id":"https:\/\/www.ispindel.fr\/#\/schema\/person\/782362459c10d01f80726f78cd31c5a3"},"potentialAction":[{"@type":"SearchAction","target":{"@type":"EntryPoint","urlTemplate":"https:\/\/www.ispindel.fr\/?s={search_term_string}"},"query-input":"required name=search_term_string"}],"inLanguage":"en-US"},{"@type":["Person","Organization"],"@id":"https:\/\/www.ispindel.fr\/#\/schema\/person\/782362459c10d01f80726f78cd31c5a3","name":"PONSOT Josquin","logo":{"@id":"https:\/\/www.ispindel.fr\/#\/schema\/person\/image\/"},"sameAs":["https:\/\/www.ispindel.fr"],"honorificPrefix":"M.","publishingPrinciples":"https:\/\/www.ispindel.fr\/"}]}},"jetpack_sharing_enabled":true,"_links":{"self":[{"href":"https:\/\/www.ispindel.fr\/en\/wp-json\/wp\/v2\/pages\/95","targetHints":{"allow":["GET"]}}],"collection":[{"href":"https:\/\/www.ispindel.fr\/en\/wp-json\/wp\/v2\/pages"}],"about":[{"href":"https:\/\/www.ispindel.fr\/en\/wp-json\/wp\/v2\/types\/page"}],"author":[{"embeddable":true,"href":"https:\/\/www.ispindel.fr\/en\/wp-json\/wp\/v2\/users\/1"}],"replies":[{"embeddable":true,"href":"https:\/\/www.ispindel.fr\/en\/wp-json\/wp\/v2\/comments?post=95"}],"version-history":[{"count":7,"href":"https:\/\/www.ispindel.fr\/en\/wp-json\/wp\/v2\/pages\/95\/revisions"}],"predecessor-version":[{"id":114,"href":"https:\/\/www.ispindel.fr\/en\/wp-json\/wp\/v2\/pages\/95\/revisions\/114"}],"up":[{"embeddable":true,"href":"https:\/\/www.ispindel.fr\/en\/wp-json\/wp\/v2\/pages\/28"}],"wp:featuredmedia":[{"embeddable":true,"href":"https:\/\/www.ispindel.fr\/en\/wp-json\/wp\/v2\/media\/108"}],"wp:attachment":[{"href":"https:\/\/www.ispindel.fr\/en\/wp-json\/wp\/v2\/media?parent=95"}],"curies":[{"name":"wp","href":"https:\/\/api.w.org\/{rel}","templated":true}]}}