{"id":71,"date":"2024-04-11T10:08:15","date_gmt":"2024-04-11T08:08:15","guid":{"rendered":"https:\/\/www.ispindel.fr\/?page_id=71"},"modified":"2024-11-01T22:15:20","modified_gmt":"2024-11-01T21:15:20","slug":"demarrage-rapide-littlebock","status":"publish","type":"page","link":"https:\/\/www.ispindel.fr\/en\/demarrage-rapide\/demarrage-rapide-littlebock\/","title":{"rendered":"Configuration Littlebock"},"content":{"rendered":"<p>After following the <a href=\"https:\/\/www.ispindel.fr\/en\/demarrage-rapide\/\">Part 1 of the tutorial<\/a>, nous allons maintenant configurer l&#8217;iSpindel pour se connecter \u00e0 LittleBock.<\/p>\n<h2>Account Creation \/ Account Login<\/h2>\n<p>Log in at the following address: <a href=\"https:\/\/www.littlebock.fr\/\">https:\/\/www.littlebock.fr\/<\/a><\/p>\n<p><img loading=\"lazy\" decoding=\"async\" class=\"alignnone size-full wp-image-76\" src=\"https:\/\/www.ispindel.fr\/wp-content\/uploads\/2024\/04\/littlebock-connect.png\" alt=\"\" width=\"1906\" height=\"752\" srcset=\"https:\/\/www.ispindel.fr\/wp-content\/uploads\/2024\/04\/littlebock-connect.png 1906w, https:\/\/www.ispindel.fr\/wp-content\/uploads\/2024\/04\/littlebock-connect-300x118.png 300w, https:\/\/www.ispindel.fr\/wp-content\/uploads\/2024\/04\/littlebock-connect-1024x404.png 1024w, https:\/\/www.ispindel.fr\/wp-content\/uploads\/2024\/04\/littlebock-connect-768x303.png 768w, https:\/\/www.ispindel.fr\/wp-content\/uploads\/2024\/04\/littlebock-connect-1536x606.png 1536w, https:\/\/www.ispindel.fr\/wp-content\/uploads\/2024\/04\/littlebock-connect-500x197.png 500w\" sizes=\"auto, (max-width: 1906px) 100vw, 1906px\" \/><\/p>\n<p>Create your account, or log in to your account.<\/p>\n<h2>Adding a connected object<\/h2>\n<p>Dans le menu de gauche, cliquez sur Objets connect\u00e9s, puis cliquez sur &#8220;Ajouter un iSpindel&#8221;<\/p>\n<p><img loading=\"lazy\" decoding=\"async\" class=\"alignnone size-full wp-image-79\" src=\"https:\/\/www.ispindel.fr\/wp-content\/uploads\/2024\/04\/littlebock-objetsco.png\" alt=\"\" width=\"1090\" height=\"1020\" srcset=\"https:\/\/www.ispindel.fr\/wp-content\/uploads\/2024\/04\/littlebock-objetsco.png 1090w, https:\/\/www.ispindel.fr\/wp-content\/uploads\/2024\/04\/littlebock-objetsco-300x281.png 300w, https:\/\/www.ispindel.fr\/wp-content\/uploads\/2024\/04\/littlebock-objetsco-1024x958.png 1024w, https:\/\/www.ispindel.fr\/wp-content\/uploads\/2024\/04\/littlebock-objetsco-768x719.png 768w, https:\/\/www.ispindel.fr\/wp-content\/uploads\/2024\/04\/littlebock-objetsco-321x300.png 321w\" sizes=\"auto, (max-width: 1090px) 100vw, 1090px\" \/><\/p>\n<p>Une fen\u00eatre s&#8217;ouvre, donnez un nom \u00e0 votre iSpindel, et choisissez l&#8217;unit\u00e9 de calibration.<\/p>\n<p><img loading=\"lazy\" decoding=\"async\" class=\"alignnone size-full wp-image-82\" src=\"https:\/\/www.ispindel.fr\/wp-content\/uploads\/2024\/04\/littlebock-ajout2.png\" alt=\"\" width=\"596\" height=\"282\" srcset=\"https:\/\/www.ispindel.fr\/wp-content\/uploads\/2024\/04\/littlebock-ajout2.png 596w, https:\/\/www.ispindel.fr\/wp-content\/uploads\/2024\/04\/littlebock-ajout2-300x142.png 300w, https:\/\/www.ispindel.fr\/wp-content\/uploads\/2024\/04\/littlebock-ajout2-500x237.png 500w\" sizes=\"auto, (max-width: 596px) 100vw, 596px\" \/><\/p>\n<p>Enregistrez, une ligne se rajoute dans la configuration du site.<\/p>\n<p>Ca vous donne une URL sour le format &#8220;\/api\/log\/ispindel\/XXXX\/YYYY&#8221;.<br \/>\nCette URL sera \u00e0 saisir dans la configuration de votre iSpindel afin de le &#8220;relier&#8221; au service LittleBock.<\/p>\n<p><img loading=\"lazy\" decoding=\"async\" class=\"alignnone size-full wp-image-83\" src=\"https:\/\/www.ispindel.fr\/wp-content\/uploads\/2024\/04\/littlebock-url.png\" alt=\"\" width=\"584\" height=\"87\" srcset=\"https:\/\/www.ispindel.fr\/wp-content\/uploads\/2024\/04\/littlebock-url.png 584w, https:\/\/www.ispindel.fr\/wp-content\/uploads\/2024\/04\/littlebock-url-300x45.png 300w, https:\/\/www.ispindel.fr\/wp-content\/uploads\/2024\/04\/littlebock-url-500x74.png 500w\" sizes=\"auto, (max-width: 584px) 100vw, 584px\" \/><\/p>\n<h2>iSpindel Configuration<\/h2>\n<p>Return to your iSpindel's configuration page, then click \u201cConfiguration\u201d<\/p>\n<p><img loading=\"lazy\" decoding=\"async\" class=\"alignnone size-full wp-image-86\" src=\"https:\/\/www.ispindel.fr\/wp-content\/uploads\/2024\/04\/ispindel-config.png\" alt=\"\" width=\"830\" height=\"950\" srcset=\"https:\/\/www.ispindel.fr\/wp-content\/uploads\/2024\/04\/ispindel-config.png 830w, https:\/\/www.ispindel.fr\/wp-content\/uploads\/2024\/04\/ispindel-config-262x300.png 262w, https:\/\/www.ispindel.fr\/wp-content\/uploads\/2024\/04\/ispindel-config-768x879.png 768w\" sizes=\"auto, (max-width: 830px) 100vw, 830px\" \/><\/p>\n<p>A configuration settings page opens.<\/p>\n<p>The data to be filled in are as follows:<\/p>\n<ol>\n<li><em><u>SSID:<\/u><\/em> In the list of Wi-Fi networks displayed at the top, click on the network you want to connect your device to so that the SSID is automatically filled in.<\/li>\n<li><em><u>Password:<\/u><\/em> Enter your WIFI network password here<\/li>\n<li><em><u>Spider Name :<\/u><\/em> Name_your_device<\/li>\n<li><em><u>Update internal:<\/u><\/em> <span style=\"color: #ff0000;\"><strong>900<\/strong><\/span><br \/>\nCeci est l&#8217;intervalle de rafraichissement des donn\u00e9es exprim\u00e9es en secondes. Il faut mettre ici un intervalle de rafraichissement raisonnable. Littlebock filtre tout ce qui est sous les 15 minutes (900 secondes). Avec 15 minutes, une bonne r\u00e9ception wifi, il est possible de tenir plusieurs semaines. Si vous augmentez \u00e0 30 minutes, 1 heure, c&#8217;est bien aussi&#8230;<\/li>\n<li><em><u>Battery conversion factor<\/u><\/em> <span style=\"color: #ff0000;\"><strong>leave what is written<\/strong><\/span><br \/>\nThis setting allows the iSpindel to display (or at least approximate as closely as possible) the actual battery voltage.<\/li>\n<li><em><u>Degree Celsius<\/u><\/em> Choose your unit<\/li>\n<li><em><u>Service type:<\/u><\/em> Choose the mode\u201c<strong><span style=\"color: #ff0000;\">HTTP<\/span><\/strong>\u201c<\/li>\n<li><em><u>Token \/ API key<\/u><\/em> <span style=\"color: #ff0000;\"><strong>NOTHING<\/strong><\/span><\/li>\n<li><em><u>Server Address:<\/u><\/em> <strong><span style=\"color: #ff0000;\">www.littlebock.fr<\/span><\/strong><\/li>\n<li><em><u>Server Port:<\/u><\/em> <span style=\"color: #ff0000;\"><strong>80<\/strong><\/span><\/li>\n<li><em><u>Path \/ URL<\/u><\/em> Cette url est celle donn\u00e9e par LittleBock comme vu plus haut apr\u00e8s l&#8217;ajout du iSpindel. Ici, selon l&#8217;exemple il faut noter : <strong><span style=\"color: #ff0000;\">\/api\/log\/ispindle\/XXXXX\/5333<\/span><\/strong><br \/>\nLes XXXXX \u00e9tant remplac\u00e9 par la vraie adresse que LittleBock vous donne.<\/li>\n<li>Press \u201cSAVE\u201d at the end of the form<\/li>\n<\/ol>\n<p><strong>Conclusion<\/strong><\/p>\n<p>Your iSpindel will restart. The blue LED will flash rapidly for a few seconds, then turn off before turning on once (It will exit config mode, enter normal mode, wake up, measure, and send data).<\/p>\n<p>If all goes well, the blue LED will only light up again in 15 minutes (if you left 900 in \u201cupdate interval\u201d). If the blue LED starts blinking rapidly again, it means there's a configuration issue.<\/p>\n<p>Pour v\u00e9rifier que tout est OK, retournez sur LittleBock. Vous devriez voir apparaitre un changement.<\/p>\n<p>La &#8220;pastille&#8221; de statut devrait passer de la couleur rouge, \u00e0 la couleur verte et vous donner des unit\u00e9s comme la tension, la densit\u00e9, et la temp\u00e9rature.<\/p>\n<p>All you have to do is assign your iSpindel to a brew, and you will have the alcohol content and attenuation.<\/p>","protected":false},"excerpt":{"rendered":"<p>Apr\u00e8s avoir suivi la premi\u00e8re partie du tutoriel, nous allons maintenant configurer l&#8217;iSpindel pour se connecter \u00e0 LittleBock. Cr\u00e9ation du compte \/ Connexion au compte Connectez-vous \u00e0 l&#8217;adresse suivante : https:\/\/www.littlebock.fr\/ Cr\u00e9ez votre compte, ou connectez vous \u00e0 votre compte. &hellip; <a href=\"https:\/\/www.ispindel.fr\/en\/demarrage-rapide\/demarrage-rapide-littlebock\/\">Continue reading <span class=\"meta-nav\">&rarr;<\/span><\/a><\/p>","protected":false},"author":1,"featured_media":82,"parent":28,"menu_order":0,"comment_status":"closed","ping_status":"closed","template":"","meta":{"footnotes":""},"class_list":["post-71","page","type-page","status-publish","has-post-thumbnail","hentry"],"yoast_head":"<!-- This site is optimized with the Yoast SEO Premium plugin v22.3 (Yoast SEO v22.3) - https:\/\/yoast.com\/wordpress\/plugins\/seo\/ -->\n<title>Configuration Littlebock - Boutique iSpindel.Fr - Densim\u00e8tre connect\u00e9 DIY<\/title>\n<meta name=\"description\" content=\"Configuration du iSpindel \u00e0 LittleBock. Suivi densit\u00e9 en ligne. Densit\u00e9, temp\u00e9rature, niveau de batterie....\" \/>\n<meta name=\"robots\" content=\"index, follow, max-snippet:-1, max-image-preview:large, max-video-preview:-1\" \/>\n<link rel=\"canonical\" href=\"https:\/\/www.ispindel.fr\/en\/demarrage-rapide\/demarrage-rapide-littlebock\/\" \/>\n<meta property=\"og:locale\" content=\"en_US\" \/>\n<meta property=\"og:type\" content=\"article\" \/>\n<meta property=\"og:title\" content=\"Configuration Littlebock\" \/>\n<meta property=\"og:description\" content=\"Configuration du iSpindel \u00e0 LittleBock. Suivi densit\u00e9 en ligne. Densit\u00e9, temp\u00e9rature, niveau de batterie....\" \/>\n<meta property=\"og:url\" content=\"https:\/\/www.ispindel.fr\/en\/demarrage-rapide\/demarrage-rapide-littlebock\/\" \/>\n<meta property=\"og:site_name\" content=\"Boutique iSpindel.Fr - Densim\u00e8tre connect\u00e9 DIY\" \/>\n<meta property=\"article:modified_time\" content=\"2024-11-01T21:15:20+00:00\" \/>\n<meta property=\"og:image\" content=\"https:\/\/www.ispindel.fr\/wp-content\/uploads\/2024\/04\/littlebock-ajout2.png\" \/>\n\t<meta property=\"og:image:width\" content=\"596\" \/>\n\t<meta property=\"og:image:height\" content=\"282\" \/>\n\t<meta property=\"og:image:type\" content=\"image\/png\" \/>\n<meta name=\"twitter:card\" content=\"summary_large_image\" \/>\n<meta name=\"twitter:label1\" content=\"Est. reading time\" \/>\n\t<meta name=\"twitter:data1\" content=\"4 minutes\" \/>\n<script type=\"application\/ld+json\" class=\"yoast-schema-graph\">{\"@context\":\"https:\/\/schema.org\",\"@graph\":[{\"@type\":\"WebPage\",\"@id\":\"https:\/\/www.ispindel.fr\/demarrage-rapide\/demarrage-rapide-littlebock\/\",\"url\":\"https:\/\/www.ispindel.fr\/demarrage-rapide\/demarrage-rapide-littlebock\/\",\"name\":\"Configuration Littlebock - Boutique iSpindel.Fr - Densim\u00e8tre connect\u00e9 DIY\",\"isPartOf\":{\"@id\":\"https:\/\/www.ispindel.fr\/#website\"},\"primaryImageOfPage\":{\"@id\":\"https:\/\/www.ispindel.fr\/demarrage-rapide\/demarrage-rapide-littlebock\/#primaryimage\"},\"image\":{\"@id\":\"https:\/\/www.ispindel.fr\/demarrage-rapide\/demarrage-rapide-littlebock\/#primaryimage\"},\"thumbnailUrl\":\"https:\/\/www.ispindel.fr\/wp-content\/uploads\/2024\/04\/littlebock-ajout2.png\",\"datePublished\":\"2024-04-11T08:08:15+00:00\",\"dateModified\":\"2024-11-01T21:15:20+00:00\",\"description\":\"Configuration du iSpindel \u00e0 LittleBock. Suivi densit\u00e9 en ligne. Densit\u00e9, temp\u00e9rature, niveau de batterie....\",\"breadcrumb\":{\"@id\":\"https:\/\/www.ispindel.fr\/demarrage-rapide\/demarrage-rapide-littlebock\/#breadcrumb\"},\"inLanguage\":\"en-US\",\"potentialAction\":[{\"@type\":\"ReadAction\",\"target\":[\"https:\/\/www.ispindel.fr\/demarrage-rapide\/demarrage-rapide-littlebock\/\"]}]},{\"@type\":\"ImageObject\",\"inLanguage\":\"en-US\",\"@id\":\"https:\/\/www.ispindel.fr\/demarrage-rapide\/demarrage-rapide-littlebock\/#primaryimage\",\"url\":\"https:\/\/www.ispindel.fr\/wp-content\/uploads\/2024\/04\/littlebock-ajout2.png\",\"contentUrl\":\"https:\/\/www.ispindel.fr\/wp-content\/uploads\/2024\/04\/littlebock-ajout2.png\",\"width\":596,\"height\":282},{\"@type\":\"BreadcrumbList\",\"@id\":\"https:\/\/www.ispindel.fr\/demarrage-rapide\/demarrage-rapide-littlebock\/#breadcrumb\",\"itemListElement\":[{\"@type\":\"ListItem\",\"position\":1,\"name\":\"Accueil\",\"item\":\"https:\/\/www.ispindel.fr\/\"},{\"@type\":\"ListItem\",\"position\":2,\"name\":\"D\u00e9marrage Rapide, premier d\u00e9marrage\",\"item\":\"https:\/\/www.ispindel.fr\/demarrage-rapide\/\"},{\"@type\":\"ListItem\",\"position\":3,\"name\":\"Configuration Littlebock\"}]},{\"@type\":\"WebSite\",\"@id\":\"https:\/\/www.ispindel.fr\/#website\",\"url\":\"https:\/\/www.ispindel.fr\/\",\"name\":\"iSpindel.Fr - Densim\u00e8tre connect\u00e9 DIY\",\"description\":\"Site francophone autour du iSpindel. Tutoriels, montage, achats, configuration...\",\"publisher\":{\"@id\":\"https:\/\/www.ispindel.fr\/#\/schema\/person\/782362459c10d01f80726f78cd31c5a3\"},\"potentialAction\":[{\"@type\":\"SearchAction\",\"target\":{\"@type\":\"EntryPoint\",\"urlTemplate\":\"https:\/\/www.ispindel.fr\/?s={search_term_string}\"},\"query-input\":\"required name=search_term_string\"}],\"inLanguage\":\"en-US\"},{\"@type\":[\"Person\",\"Organization\"],\"@id\":\"https:\/\/www.ispindel.fr\/#\/schema\/person\/782362459c10d01f80726f78cd31c5a3\",\"name\":\"PONSOT Josquin\",\"logo\":{\"@id\":\"https:\/\/www.ispindel.fr\/#\/schema\/person\/image\/\"},\"sameAs\":[\"https:\/\/www.ispindel.fr\"],\"honorificPrefix\":\"M.\",\"publishingPrinciples\":\"https:\/\/www.ispindel.fr\/\"}]}<\/script>\n<!-- \/ Yoast SEO Premium plugin. -->","yoast_head_json":{"title":"Configuration Littlebock - Boutique iSpindel.Fr - Densim\u00e8tre connect\u00e9 DIY","description":"Configuration du iSpindel \u00e0 LittleBock. Suivi densit\u00e9 en ligne. Densit\u00e9, temp\u00e9rature, niveau de batterie....","robots":{"index":"index","follow":"follow","max-snippet":"max-snippet:-1","max-image-preview":"max-image-preview:large","max-video-preview":"max-video-preview:-1"},"canonical":"https:\/\/www.ispindel.fr\/en\/demarrage-rapide\/demarrage-rapide-littlebock\/","og_locale":"en_US","og_type":"article","og_title":"Configuration Littlebock","og_description":"Configuration du iSpindel \u00e0 LittleBock. Suivi densit\u00e9 en ligne. Densit\u00e9, temp\u00e9rature, niveau de batterie....","og_url":"https:\/\/www.ispindel.fr\/en\/demarrage-rapide\/demarrage-rapide-littlebock\/","og_site_name":"Boutique iSpindel.Fr - Densim\u00e8tre connect\u00e9 DIY","article_modified_time":"2024-11-01T21:15:20+00:00","og_image":[{"width":596,"height":282,"url":"https:\/\/www.ispindel.fr\/wp-content\/uploads\/2024\/04\/littlebock-ajout2.png","type":"image\/png"}],"twitter_card":"summary_large_image","twitter_misc":{"Est. reading time":"4 minutes"},"schema":{"@context":"https:\/\/schema.org","@graph":[{"@type":"WebPage","@id":"https:\/\/www.ispindel.fr\/demarrage-rapide\/demarrage-rapide-littlebock\/","url":"https:\/\/www.ispindel.fr\/demarrage-rapide\/demarrage-rapide-littlebock\/","name":"Configuration Littlebock - Boutique iSpindel.Fr - Densim\u00e8tre connect\u00e9 DIY","isPartOf":{"@id":"https:\/\/www.ispindel.fr\/#website"},"primaryImageOfPage":{"@id":"https:\/\/www.ispindel.fr\/demarrage-rapide\/demarrage-rapide-littlebock\/#primaryimage"},"image":{"@id":"https:\/\/www.ispindel.fr\/demarrage-rapide\/demarrage-rapide-littlebock\/#primaryimage"},"thumbnailUrl":"https:\/\/www.ispindel.fr\/wp-content\/uploads\/2024\/04\/littlebock-ajout2.png","datePublished":"2024-04-11T08:08:15+00:00","dateModified":"2024-11-01T21:15:20+00:00","description":"Configuration du iSpindel \u00e0 LittleBock. Suivi densit\u00e9 en ligne. Densit\u00e9, temp\u00e9rature, niveau de batterie....","breadcrumb":{"@id":"https:\/\/www.ispindel.fr\/demarrage-rapide\/demarrage-rapide-littlebock\/#breadcrumb"},"inLanguage":"en-US","potentialAction":[{"@type":"ReadAction","target":["https:\/\/www.ispindel.fr\/demarrage-rapide\/demarrage-rapide-littlebock\/"]}]},{"@type":"ImageObject","inLanguage":"en-US","@id":"https:\/\/www.ispindel.fr\/demarrage-rapide\/demarrage-rapide-littlebock\/#primaryimage","url":"https:\/\/www.ispindel.fr\/wp-content\/uploads\/2024\/04\/littlebock-ajout2.png","contentUrl":"https:\/\/www.ispindel.fr\/wp-content\/uploads\/2024\/04\/littlebock-ajout2.png","width":596,"height":282},{"@type":"BreadcrumbList","@id":"https:\/\/www.ispindel.fr\/demarrage-rapide\/demarrage-rapide-littlebock\/#breadcrumb","itemListElement":[{"@type":"ListItem","position":1,"name":"Accueil","item":"https:\/\/www.ispindel.fr\/"},{"@type":"ListItem","position":2,"name":"D\u00e9marrage Rapide, premier d\u00e9marrage","item":"https:\/\/www.ispindel.fr\/demarrage-rapide\/"},{"@type":"ListItem","position":3,"name":"Configuration Littlebock"}]},{"@type":"WebSite","@id":"https:\/\/www.ispindel.fr\/#website","url":"https:\/\/www.ispindel.fr\/","name":"iSpindel.Fr - Densim\u00e8tre connect\u00e9 DIY","description":"Site francophone autour du iSpindel. Tutoriels, montage, achats, configuration...","publisher":{"@id":"https:\/\/www.ispindel.fr\/#\/schema\/person\/782362459c10d01f80726f78cd31c5a3"},"potentialAction":[{"@type":"SearchAction","target":{"@type":"EntryPoint","urlTemplate":"https:\/\/www.ispindel.fr\/?s={search_term_string}"},"query-input":"required name=search_term_string"}],"inLanguage":"en-US"},{"@type":["Person","Organization"],"@id":"https:\/\/www.ispindel.fr\/#\/schema\/person\/782362459c10d01f80726f78cd31c5a3","name":"PONSOT Josquin","logo":{"@id":"https:\/\/www.ispindel.fr\/#\/schema\/person\/image\/"},"sameAs":["https:\/\/www.ispindel.fr"],"honorificPrefix":"M.","publishingPrinciples":"https:\/\/www.ispindel.fr\/"}]}},"jetpack_sharing_enabled":true,"_links":{"self":[{"href":"https:\/\/www.ispindel.fr\/en\/wp-json\/wp\/v2\/pages\/71","targetHints":{"allow":["GET"]}}],"collection":[{"href":"https:\/\/www.ispindel.fr\/en\/wp-json\/wp\/v2\/pages"}],"about":[{"href":"https:\/\/www.ispindel.fr\/en\/wp-json\/wp\/v2\/types\/page"}],"author":[{"embeddable":true,"href":"https:\/\/www.ispindel.fr\/en\/wp-json\/wp\/v2\/users\/1"}],"replies":[{"embeddable":true,"href":"https:\/\/www.ispindel.fr\/en\/wp-json\/wp\/v2\/comments?post=71"}],"version-history":[{"count":17,"href":"https:\/\/www.ispindel.fr\/en\/wp-json\/wp\/v2\/pages\/71\/revisions"}],"predecessor-version":[{"id":113,"href":"https:\/\/www.ispindel.fr\/en\/wp-json\/wp\/v2\/pages\/71\/revisions\/113"}],"up":[{"embeddable":true,"href":"https:\/\/www.ispindel.fr\/en\/wp-json\/wp\/v2\/pages\/28"}],"wp:featuredmedia":[{"embeddable":true,"href":"https:\/\/www.ispindel.fr\/en\/wp-json\/wp\/v2\/media\/82"}],"wp:attachment":[{"href":"https:\/\/www.ispindel.fr\/en\/wp-json\/wp\/v2\/media?parent=71"}],"curies":[{"name":"wp","href":"https:\/\/api.w.org\/{rel}","templated":true}]}}