{"id":28,"date":"2024-03-21T16:20:22","date_gmt":"2024-03-21T15:20:22","guid":{"rendered":"https:\/\/www.ispindel.fr\/?page_id=28"},"modified":"2024-11-01T22:14:22","modified_gmt":"2024-11-01T21:14:22","slug":"demarrage-rapide","status":"publish","type":"page","link":"https:\/\/www.ispindel.fr\/en\/demarrage-rapide\/","title":{"rendered":"Quick Start, First Boot"},"content":{"rendered":"<p>Pour la premi\u00e8re utilisation de votre iSpindel, vous devez le configurer afin qu&#8217;il se connecte \u00e0 votre r\u00e9seau Wifi. Puis vous devez l&#8217;appairer avec un service pour suivre votre fermentation.<\/p>\r\n\r\n\r\n\r\n<p>Pour cela :<\/p>\r\n\r\n\r\n\r\n<h2 class=\"wp-block-heading has-text-align-left\">Charger le iSpindel<\/h2>\r\n\r\n\r\n\r\n<p class=\"has-text-align-left\">Connecter un cable USB-C au port USB-C visible en fa\u00e7ade. <span style=\"color: #ff0000;\"><strong>Ne sortez pas le iSpindel du tube !!!<\/strong><\/span><br \/><img loading=\"lazy\" decoding=\"async\" width=\"150\" height=\"201\" class=\"wp-image-39\" style=\"width: 150px;\" src=\"https:\/\/www.ispindel.fr\/wp-content\/uploads\/2024\/03\/ispindel-charge.png\" alt=\"\" srcset=\"https:\/\/www.ispindel.fr\/wp-content\/uploads\/2024\/03\/ispindel-charge.png 1436w, https:\/\/www.ispindel.fr\/wp-content\/uploads\/2024\/03\/ispindel-charge-224x300.png 224w, https:\/\/www.ispindel.fr\/wp-content\/uploads\/2024\/03\/ispindel-charge-766x1024.png 766w, https:\/\/www.ispindel.fr\/wp-content\/uploads\/2024\/03\/ispindel-charge-768x1027.png 768w, https:\/\/www.ispindel.fr\/wp-content\/uploads\/2024\/03\/ispindel-charge-1149x1536.png 1149w\" sizes=\"auto, (max-width: 150px) 100vw, 150px\" \/><br \/>La diode de charge s&#8217;allume pour indiquer l&#8217;\u00e9tat de charge.<br \/>Couleur rouge : En cours de charge, l&#8217;iSpindel n&#8217;est pas charg\u00e9 compl\u00e8tement<br \/>Couleur bleue (ou vert) : L&#8217;iSpindel est compl\u00e8tement charg\u00e9<\/p>\r\n\r\n\r\n\r\n<h2 class=\"wp-block-heading\">D\u00e9visser le bouchon pour allumer l&#8217;ispindel<\/h2>\r\n\r\n\r\n\r\n<p>Rien de plus simple, vous d\u00e9vissez le bouchon, et vous basculez l&#8217;interrupteur du cot\u00e9 inverse de son emplacement.<span style=\"color: #ff0000;\"> \/!\\ ATTENTION \/!\\ Ne sortez pas le PCB du tube !!!<\/span> <br \/>Le fait de sortir le PCB et le remettre en place peut perturber la calibration&#8230;<br \/><img loading=\"lazy\" decoding=\"async\" width=\"150\" height=\"201\" class=\"wp-image-34\" style=\"width: 150px;\" src=\"https:\/\/www.ispindel.fr\/wp-content\/uploads\/2024\/03\/20240321_163307-min-scaled.jpg\" alt=\"\" srcset=\"https:\/\/www.ispindel.fr\/wp-content\/uploads\/2024\/03\/20240321_163307-min-scaled.jpg 1915w, https:\/\/www.ispindel.fr\/wp-content\/uploads\/2024\/03\/20240321_163307-min-224x300.jpg 224w, https:\/\/www.ispindel.fr\/wp-content\/uploads\/2024\/03\/20240321_163307-min-766x1024.jpg 766w, https:\/\/www.ispindel.fr\/wp-content\/uploads\/2024\/03\/20240321_163307-min-768x1027.jpg 768w, https:\/\/www.ispindel.fr\/wp-content\/uploads\/2024\/03\/20240321_163307-min-1149x1536.jpg 1149w, https:\/\/www.ispindel.fr\/wp-content\/uploads\/2024\/03\/20240321_163307-min-1532x2048.jpg 1532w\" sizes=\"auto, (max-width: 150px) 100vw, 150px\" \/> =&gt; <img loading=\"lazy\" decoding=\"async\" width=\"150\" height=\"201\" class=\"wp-image-37\" style=\"width: 150px;\" src=\"https:\/\/www.ispindel.fr\/wp-content\/uploads\/2024\/03\/20240321_163339-min.png\" alt=\"\" srcset=\"https:\/\/www.ispindel.fr\/wp-content\/uploads\/2024\/03\/20240321_163339-min.png 1436w, https:\/\/www.ispindel.fr\/wp-content\/uploads\/2024\/03\/20240321_163339-min-224x300.png 224w, https:\/\/www.ispindel.fr\/wp-content\/uploads\/2024\/03\/20240321_163339-min-766x1024.png 766w, https:\/\/www.ispindel.fr\/wp-content\/uploads\/2024\/03\/20240321_163339-min-768x1027.png 768w, https:\/\/www.ispindel.fr\/wp-content\/uploads\/2024\/03\/20240321_163339-min-1149x1536.png 1149w\" sizes=\"auto, (max-width: 150px) 100vw, 150px\" \/><\/p>\r\n\r\n\r\n\r\n<h2 class=\"wp-block-heading\">Passer l&#8217;iSpindel en mode configuration<\/h2>\r\n\r\n\r\n\r\n<p>A la suite de votre achat, si l&#8217;iSpindel est correctement initialis\u00e9, il devrait se mettre directement en mode configuration apr\u00e8s l&#8217;allumage. <br \/>Quand l&#8217;iSpindel n&#8217;est pas configur\u00e9, ou mal configur\u00e9 (probl\u00e8me de configuration wifi par exemple), il se met automatiquement dans ce mode.<br \/>Lorsque l&#8217;appareil est en mode configuration, sa LED bleue clignote 1 fois par seconde sans arr\u00eater.<br \/><img loading=\"lazy\" decoding=\"async\" width=\"400\" height=\"225\" class=\"wp-image-45\" style=\"width: 400px;\" src=\"https:\/\/www.ispindel.fr\/wp-content\/uploads\/2024\/03\/gif-cligno.gif\" alt=\"\" \/><br \/><br \/>Si l&#8217;iSpindel n&#8217;est pas en automatiquement en mode configuration, vous devez le forcer \u00e0 passer dans ce mode en faisant un contact entre les 2 pins de reset, 3\/4 fois rapidement.<br \/><img loading=\"lazy\" decoding=\"async\" width=\"150\" height=\"201\" class=\"wp-image-50\" style=\"width: 150px;\" src=\"https:\/\/www.ispindel.fr\/wp-content\/uploads\/2024\/03\/ispindel-pin-reset.png\" alt=\"\" srcset=\"https:\/\/www.ispindel.fr\/wp-content\/uploads\/2024\/03\/ispindel-pin-reset.png 1436w, https:\/\/www.ispindel.fr\/wp-content\/uploads\/2024\/03\/ispindel-pin-reset-224x300.png 224w, https:\/\/www.ispindel.fr\/wp-content\/uploads\/2024\/03\/ispindel-pin-reset-766x1024.png 766w, https:\/\/www.ispindel.fr\/wp-content\/uploads\/2024\/03\/ispindel-pin-reset-768x1027.png 768w, https:\/\/www.ispindel.fr\/wp-content\/uploads\/2024\/03\/ispindel-pin-reset-1149x1536.png 1149w\" sizes=\"auto, (max-width: 150px) 100vw, 150px\" \/> La LED bleu doit alors se mettre \u00e0 clignoter.<\/p>\r\n\r\n\r\n\r\n<h2 class=\"wp-block-heading\">Acc\u00e8s \u00e0 la configuration du iSpindel<\/h2>\r\n\r\n\r\n\r\n<p>Apr\u00e8s s&#8217;\u00eatre assur\u00e9 que le iSpindel est en mode configuration, depuis un pc ou un tel, connectez vous au spot Wifi qui vient d&#8217;appara\u00eetre du iSpindel.<br \/><img loading=\"lazy\" decoding=\"async\" width=\"250\" height=\"351\" class=\"wp-image-53\" style=\"width: 250px;\" src=\"https:\/\/www.ispindel.fr\/wp-content\/uploads\/2024\/03\/ispindel-wifi-tel-min.jpg\" alt=\"\" srcset=\"https:\/\/www.ispindel.fr\/wp-content\/uploads\/2024\/03\/ispindel-wifi-tel-min.jpg 904w, https:\/\/www.ispindel.fr\/wp-content\/uploads\/2024\/03\/ispindel-wifi-tel-min-214x300.jpg 214w, https:\/\/www.ispindel.fr\/wp-content\/uploads\/2024\/03\/ispindel-wifi-tel-min-730x1024.jpg 730w, https:\/\/www.ispindel.fr\/wp-content\/uploads\/2024\/03\/ispindel-wifi-tel-min-768x1077.jpg 768w\" sizes=\"auto, (max-width: 250px) 100vw, 250px\" \/> <img loading=\"lazy\" decoding=\"async\" width=\"300\" height=\"242\" class=\"wp-image-54\" style=\"width: 300px;\" src=\"https:\/\/www.ispindel.fr\/wp-content\/uploads\/2024\/03\/wifi-pc-min.png\" alt=\"\" srcset=\"https:\/\/www.ispindel.fr\/wp-content\/uploads\/2024\/03\/wifi-pc-min.png 352w, https:\/\/www.ispindel.fr\/wp-content\/uploads\/2024\/03\/wifi-pc-min-300x242.png 300w\" sizes=\"auto, (max-width: 300px) 100vw, 300px\" \/><br \/><br \/>Lorsque vous \u00eates connect\u00e9, ouvrez un navigateur web, et rendez vous sur <a href=\"http:\/\/192.168.4.1\">http:\/\/192.168.4.1<\/a><br \/><br \/>Une page s&#8217;ouvre avec diff\u00e9rents menus possibles :<br \/><br \/><img loading=\"lazy\" decoding=\"async\" width=\"300\" height=\"210\" class=\"wp-image-56\" style=\"width: 300px;\" src=\"https:\/\/www.ispindel.fr\/wp-content\/uploads\/2024\/03\/ispindel-menu.jpg\" alt=\"\" srcset=\"https:\/\/www.ispindel.fr\/wp-content\/uploads\/2024\/03\/ispindel-menu.jpg 791w, https:\/\/www.ispindel.fr\/wp-content\/uploads\/2024\/03\/ispindel-menu-300x210.jpg 300w, https:\/\/www.ispindel.fr\/wp-content\/uploads\/2024\/03\/ispindel-menu-768x539.jpg 768w, https:\/\/www.ispindel.fr\/wp-content\/uploads\/2024\/03\/ispindel-menu-428x300.jpg 428w\" sizes=\"auto, (max-width: 300px) 100vw, 300px\" \/> <br \/>Cliquez sur le menu &#8220;Configuration&#8221; pour acc\u00e9der aux param\u00e8tres de connexion de votre iSpindel.<br \/><br \/>Pour configurer votre iSpindle \u00e0 Littlebock <a href=\"https:\/\/www.ispindel.fr\/en\/demarrage-rapide\/demarrage-rapide-littlebock\/\">c&#8217;est ici.<\/a><br \/>Pour configurer votre iSpindel \u00e0 Grainfather <a href=\"https:\/\/www.ispindel.fr\/en\/demarrage-rapide\/demarrage-rapide-configuration-grainfather\/\">c&#8217;est ici<\/a>.<\/p>","protected":false},"excerpt":{"rendered":"<p>Pour la premi\u00e8re utilisation de votre iSpindel, vous devez le configurer afin qu&#8217;il se connecte \u00e0 votre r\u00e9seau Wifi. Puis vous devez l&#8217;appairer avec un service pour suivre votre fermentation. Pour cela : Charger le iSpindel Connecter un cable USB-C &hellip; <a href=\"https:\/\/www.ispindel.fr\/en\/demarrage-rapide\/\">Continue reading <span class=\"meta-nav\">&rarr;<\/span><\/a><\/p>","protected":false},"author":1,"featured_media":50,"parent":0,"menu_order":0,"comment_status":"closed","ping_status":"closed","template":"","meta":{"footnotes":""},"class_list":["post-28","page","type-page","status-publish","has-post-thumbnail","hentry"],"yoast_head":"<!-- This site is optimized with the Yoast SEO Premium plugin v22.3 (Yoast SEO v22.3) - https:\/\/yoast.com\/wordpress\/plugins\/seo\/ -->\n<title>D\u00e9marrage Rapide, premier d\u00e9marrage - Boutique iSpindel.Fr - Densim\u00e8tre connect\u00e9 DIY<\/title>\n<meta name=\"description\" content=\"Guide de d\u00e9marrage rapide. D\u00e9marrage du iSpindel, configuration du iSpindel, configuration wifi, recharge de la batterie, choix du service...\" \/>\n<meta name=\"robots\" content=\"index, follow, max-snippet:-1, max-image-preview:large, max-video-preview:-1\" \/>\n<link rel=\"canonical\" href=\"https:\/\/www.ispindel.fr\/en\/demarrage-rapide\/\" \/>\n<meta property=\"og:locale\" content=\"en_US\" \/>\n<meta property=\"og:type\" content=\"article\" \/>\n<meta property=\"og:title\" content=\"D\u00e9marrage Rapide, premier d\u00e9marrage\" \/>\n<meta property=\"og:description\" content=\"Guide de d\u00e9marrage rapide. D\u00e9marrage du iSpindel, configuration du iSpindel, configuration wifi, recharge de la batterie, choix du service...\" \/>\n<meta property=\"og:url\" content=\"https:\/\/www.ispindel.fr\/en\/demarrage-rapide\/\" \/>\n<meta property=\"og:site_name\" content=\"Boutique iSpindel.Fr - Densim\u00e8tre connect\u00e9 DIY\" \/>\n<meta property=\"article:modified_time\" content=\"2024-11-01T21:14:22+00:00\" \/>\n<meta property=\"og:image\" content=\"https:\/\/www.ispindel.fr\/wp-content\/uploads\/2024\/03\/ispindel-pin-reset-766x1024.png\" \/>\n\t<meta property=\"og:image:width\" content=\"766\" \/>\n\t<meta property=\"og:image:height\" content=\"1024\" \/>\n\t<meta property=\"og:image:type\" content=\"image\/png\" \/>\n<meta name=\"twitter:card\" content=\"summary_large_image\" \/>\n<meta name=\"twitter:label1\" content=\"Est. reading time\" \/>\n\t<meta name=\"twitter:data1\" content=\"4 minutes\" \/>\n<script type=\"application\/ld+json\" class=\"yoast-schema-graph\">{\"@context\":\"https:\/\/schema.org\",\"@graph\":[{\"@type\":\"WebPage\",\"@id\":\"https:\/\/www.ispindel.fr\/demarrage-rapide\/\",\"url\":\"https:\/\/www.ispindel.fr\/demarrage-rapide\/\",\"name\":\"D\u00e9marrage Rapide, premier d\u00e9marrage - Boutique iSpindel.Fr - Densim\u00e8tre connect\u00e9 DIY\",\"isPartOf\":{\"@id\":\"https:\/\/www.ispindel.fr\/#website\"},\"primaryImageOfPage\":{\"@id\":\"https:\/\/www.ispindel.fr\/demarrage-rapide\/#primaryimage\"},\"image\":{\"@id\":\"https:\/\/www.ispindel.fr\/demarrage-rapide\/#primaryimage\"},\"thumbnailUrl\":\"https:\/\/www.ispindel.fr\/wp-content\/uploads\/2024\/03\/ispindel-pin-reset.png\",\"datePublished\":\"2024-03-21T15:20:22+00:00\",\"dateModified\":\"2024-11-01T21:14:22+00:00\",\"description\":\"Guide de d\u00e9marrage rapide. D\u00e9marrage du iSpindel, configuration du iSpindel, configuration wifi, recharge de la batterie, choix du service...\",\"breadcrumb\":{\"@id\":\"https:\/\/www.ispindel.fr\/demarrage-rapide\/#breadcrumb\"},\"inLanguage\":\"en-US\",\"potentialAction\":[{\"@type\":\"ReadAction\",\"target\":[\"https:\/\/www.ispindel.fr\/demarrage-rapide\/\"]}]},{\"@type\":\"ImageObject\",\"inLanguage\":\"en-US\",\"@id\":\"https:\/\/www.ispindel.fr\/demarrage-rapide\/#primaryimage\",\"url\":\"https:\/\/www.ispindel.fr\/wp-content\/uploads\/2024\/03\/ispindel-pin-reset.png\",\"contentUrl\":\"https:\/\/www.ispindel.fr\/wp-content\/uploads\/2024\/03\/ispindel-pin-reset.png\",\"width\":1436,\"height\":1920},{\"@type\":\"BreadcrumbList\",\"@id\":\"https:\/\/www.ispindel.fr\/demarrage-rapide\/#breadcrumb\",\"itemListElement\":[{\"@type\":\"ListItem\",\"position\":1,\"name\":\"Accueil\",\"item\":\"https:\/\/www.ispindel.fr\/\"},{\"@type\":\"ListItem\",\"position\":2,\"name\":\"D\u00e9marrage Rapide, premier d\u00e9marrage\"}]},{\"@type\":\"WebSite\",\"@id\":\"https:\/\/www.ispindel.fr\/#website\",\"url\":\"https:\/\/www.ispindel.fr\/\",\"name\":\"iSpindel.Fr - Densim\u00e8tre connect\u00e9 DIY\",\"description\":\"Site francophone autour du iSpindel. Tutoriels, montage, achats, configuration...\",\"publisher\":{\"@id\":\"https:\/\/www.ispindel.fr\/#\/schema\/person\/782362459c10d01f80726f78cd31c5a3\"},\"potentialAction\":[{\"@type\":\"SearchAction\",\"target\":{\"@type\":\"EntryPoint\",\"urlTemplate\":\"https:\/\/www.ispindel.fr\/?s={search_term_string}\"},\"query-input\":\"required name=search_term_string\"}],\"inLanguage\":\"en-US\"},{\"@type\":[\"Person\",\"Organization\"],\"@id\":\"https:\/\/www.ispindel.fr\/#\/schema\/person\/782362459c10d01f80726f78cd31c5a3\",\"name\":\"PONSOT Josquin\",\"logo\":{\"@id\":\"https:\/\/www.ispindel.fr\/#\/schema\/person\/image\/\"},\"sameAs\":[\"https:\/\/www.ispindel.fr\"],\"honorificPrefix\":\"M.\",\"publishingPrinciples\":\"https:\/\/www.ispindel.fr\/\"}]}<\/script>\n<!-- \/ Yoast SEO Premium plugin. -->","yoast_head_json":{"title":"D\u00e9marrage Rapide, premier d\u00e9marrage - Boutique iSpindel.Fr - Densim\u00e8tre connect\u00e9 DIY","description":"Guide de d\u00e9marrage rapide. D\u00e9marrage du iSpindel, configuration du iSpindel, configuration wifi, recharge de la batterie, choix du service...","robots":{"index":"index","follow":"follow","max-snippet":"max-snippet:-1","max-image-preview":"max-image-preview:large","max-video-preview":"max-video-preview:-1"},"canonical":"https:\/\/www.ispindel.fr\/en\/demarrage-rapide\/","og_locale":"en_US","og_type":"article","og_title":"D\u00e9marrage Rapide, premier d\u00e9marrage","og_description":"Guide de d\u00e9marrage rapide. D\u00e9marrage du iSpindel, configuration du iSpindel, configuration wifi, recharge de la batterie, choix du service...","og_url":"https:\/\/www.ispindel.fr\/en\/demarrage-rapide\/","og_site_name":"Boutique iSpindel.Fr - Densim\u00e8tre connect\u00e9 DIY","article_modified_time":"2024-11-01T21:14:22+00:00","og_image":[{"width":766,"height":1024,"url":"https:\/\/www.ispindel.fr\/wp-content\/uploads\/2024\/03\/ispindel-pin-reset-766x1024.png","type":"image\/png"}],"twitter_card":"summary_large_image","twitter_misc":{"Est. reading time":"4 minutes"},"schema":{"@context":"https:\/\/schema.org","@graph":[{"@type":"WebPage","@id":"https:\/\/www.ispindel.fr\/demarrage-rapide\/","url":"https:\/\/www.ispindel.fr\/demarrage-rapide\/","name":"D\u00e9marrage Rapide, premier d\u00e9marrage - Boutique iSpindel.Fr - Densim\u00e8tre connect\u00e9 DIY","isPartOf":{"@id":"https:\/\/www.ispindel.fr\/#website"},"primaryImageOfPage":{"@id":"https:\/\/www.ispindel.fr\/demarrage-rapide\/#primaryimage"},"image":{"@id":"https:\/\/www.ispindel.fr\/demarrage-rapide\/#primaryimage"},"thumbnailUrl":"https:\/\/www.ispindel.fr\/wp-content\/uploads\/2024\/03\/ispindel-pin-reset.png","datePublished":"2024-03-21T15:20:22+00:00","dateModified":"2024-11-01T21:14:22+00:00","description":"Guide de d\u00e9marrage rapide. D\u00e9marrage du iSpindel, configuration du iSpindel, configuration wifi, recharge de la batterie, choix du service...","breadcrumb":{"@id":"https:\/\/www.ispindel.fr\/demarrage-rapide\/#breadcrumb"},"inLanguage":"en-US","potentialAction":[{"@type":"ReadAction","target":["https:\/\/www.ispindel.fr\/demarrage-rapide\/"]}]},{"@type":"ImageObject","inLanguage":"en-US","@id":"https:\/\/www.ispindel.fr\/demarrage-rapide\/#primaryimage","url":"https:\/\/www.ispindel.fr\/wp-content\/uploads\/2024\/03\/ispindel-pin-reset.png","contentUrl":"https:\/\/www.ispindel.fr\/wp-content\/uploads\/2024\/03\/ispindel-pin-reset.png","width":1436,"height":1920},{"@type":"BreadcrumbList","@id":"https:\/\/www.ispindel.fr\/demarrage-rapide\/#breadcrumb","itemListElement":[{"@type":"ListItem","position":1,"name":"Accueil","item":"https:\/\/www.ispindel.fr\/"},{"@type":"ListItem","position":2,"name":"D\u00e9marrage Rapide, premier d\u00e9marrage"}]},{"@type":"WebSite","@id":"https:\/\/www.ispindel.fr\/#website","url":"https:\/\/www.ispindel.fr\/","name":"iSpindel.Fr - Densim\u00e8tre connect\u00e9 DIY","description":"Site francophone autour du iSpindel. Tutoriels, montage, achats, configuration...","publisher":{"@id":"https:\/\/www.ispindel.fr\/#\/schema\/person\/782362459c10d01f80726f78cd31c5a3"},"potentialAction":[{"@type":"SearchAction","target":{"@type":"EntryPoint","urlTemplate":"https:\/\/www.ispindel.fr\/?s={search_term_string}"},"query-input":"required name=search_term_string"}],"inLanguage":"en-US"},{"@type":["Person","Organization"],"@id":"https:\/\/www.ispindel.fr\/#\/schema\/person\/782362459c10d01f80726f78cd31c5a3","name":"PONSOT Josquin","logo":{"@id":"https:\/\/www.ispindel.fr\/#\/schema\/person\/image\/"},"sameAs":["https:\/\/www.ispindel.fr"],"honorificPrefix":"M.","publishingPrinciples":"https:\/\/www.ispindel.fr\/"}]}},"jetpack_sharing_enabled":true,"_links":{"self":[{"href":"https:\/\/www.ispindel.fr\/en\/wp-json\/wp\/v2\/pages\/28","targetHints":{"allow":["GET"]}}],"collection":[{"href":"https:\/\/www.ispindel.fr\/en\/wp-json\/wp\/v2\/pages"}],"about":[{"href":"https:\/\/www.ispindel.fr\/en\/wp-json\/wp\/v2\/types\/page"}],"author":[{"embeddable":true,"href":"https:\/\/www.ispindel.fr\/en\/wp-json\/wp\/v2\/users\/1"}],"replies":[{"embeddable":true,"href":"https:\/\/www.ispindel.fr\/en\/wp-json\/wp\/v2\/comments?post=28"}],"version-history":[{"count":24,"href":"https:\/\/www.ispindel.fr\/en\/wp-json\/wp\/v2\/pages\/28\/revisions"}],"predecessor-version":[{"id":140,"href":"https:\/\/www.ispindel.fr\/en\/wp-json\/wp\/v2\/pages\/28\/revisions\/140"}],"wp:featuredmedia":[{"embeddable":true,"href":"https:\/\/www.ispindel.fr\/en\/wp-json\/wp\/v2\/media\/50"}],"wp:attachment":[{"href":"https:\/\/www.ispindel.fr\/en\/wp-json\/wp\/v2\/media?parent=28"}],"curies":[{"name":"wp","href":"https:\/\/api.w.org\/{rel}","templated":true}]}}