{"id":141,"date":"2024-11-01T22:25:30","date_gmt":"2024-11-01T21:25:30","guid":{"rendered":"https:\/\/www.ispindel.fr\/?page_id=141"},"modified":"2024-12-28T00:20:53","modified_gmt":"2024-12-27T23:20:53","slug":"achats-ventes","status":"publish","type":"page","link":"https:\/\/www.ispindel.fr\/en\/achats-ventes\/","title":{"rendered":"Achat et vente d&#8217;iSpindel et Pi\u00e8ces."},"content":{"rendered":"<p>Retrouvez ici, diff\u00e9rents liens afin d&#8217;acheter un(des) iSpindel(s), ainsi que des pi\u00e8ces d\u00e9tach\u00e9es. Des kits seront \u00e9galement bient\u00f4t disponible.<\/p>\r\n<p><br \/><a href=\"https:\/\/www.leboncoin.fr\/ad\/vins_gastronomie\/2909439408\"><img loading=\"lazy\" decoding=\"async\" class=\"aligncenter wp-image-146\" src=\"https:\/\/www.ispindel.fr\/wp-content\/uploads\/2024\/11\/lbc.jpg\" alt=\"\" width=\"68\" height=\"68\" srcset=\"https:\/\/www.ispindel.fr\/wp-content\/uploads\/2024\/11\/lbc.jpg 400w, https:\/\/www.ispindel.fr\/wp-content\/uploads\/2024\/11\/lbc-300x300.jpg 300w, https:\/\/www.ispindel.fr\/wp-content\/uploads\/2024\/11\/lbc-150x150.jpg 150w\" sizes=\"auto, (max-width: 68px) 100vw, 68px\" \/><\/a><a href=\"https:\/\/www.leboncoin.fr\/ad\/vins_gastronomie\/2909439408\"><span class=\"ux-textspans ux-textspans--BOLD\"><strong>iSpindels &#8211; Densim\u00e8tre connect\u00e9 Wifi &#8211; Wifi Beer Hydrometer &#8211; Mont\u00e9 et calibr\u00e9 !<\/strong><\/span><\/a><br \/><span class=\"ux-textspans ux-textspans--BOLD\">Si vous \u00eates de France, merci de privil\u00e9gier Leboncoin. Cela m&#8217;\u00e9vite les frais de vente, et vous b\u00e9n\u00e9ficiez de frais de port r\u00e9duit. Envoyez moi un message, je cr\u00e9erai une annonce pour votre vente<br \/><br \/><br \/><a href=\"https:\/\/www.ebay.fr\/itm\/334970412566\"><img loading=\"lazy\" decoding=\"async\" class=\"wp-image-189 aligncenter\" src=\"https:\/\/www.ispindel.fr\/wp-content\/uploads\/2024\/11\/pngwing.com_.png\" alt=\"\" width=\"149\" height=\"64\" \/><\/a><strong><a href=\"https:\/\/www.ebay.fr\/itm\/334970412566\">iSpindels &#8211; Densim\u00e8tre connect\u00e9 Wifi &#8211; Wifi Beer Hydrometer &#8211; Mont\u00e9 et calibr\u00e9 !<\/a><\/strong><br \/>Si vous \u00eates de France ou l&#8217;\u00e9tranger, Ebay vous permet de r\u00e9server un ou des iSpindels, et ce m\u00eame durant mes absences. Cependant, des frais s&#8217;appliquent pour mes ventes, et si vous \u00eates r\u00e9sidents hors UE ou certaines pays, des frais de douanes peuvent \u00e9galement s&#8217;appliquer.<br \/><\/span><\/p>\r\n\r\n\r\n\r\n\r\n\r\n<figure class=\"wp-block-table aligncenter\"><\/figure>","protected":false},"excerpt":{"rendered":"<p>Retrouvez ici, diff\u00e9rents liens afin d&#8217;acheter un(des) iSpindel(s), ainsi que des pi\u00e8ces d\u00e9tach\u00e9es. Des kits seront \u00e9galement bient\u00f4t disponible. iSpindels &#8211; Densim\u00e8tre connect\u00e9 Wifi &#8211; Wifi Beer Hydrometer &#8211; Mont\u00e9 et calibr\u00e9 !Si vous \u00eates de France, merci de privil\u00e9gier &hellip; <a href=\"https:\/\/www.ispindel.fr\/en\/achats-ventes\/\">Continue reading <span class=\"meta-nav\">&rarr;<\/span><\/a><\/p>","protected":false},"author":1,"featured_media":0,"parent":0,"menu_order":0,"comment_status":"closed","ping_status":"closed","template":"","meta":{"footnotes":""},"class_list":["post-141","page","type-page","status-publish","hentry"],"yoast_head":"<!-- This site is optimized with the Yoast SEO Premium plugin v22.3 (Yoast SEO v22.3) - https:\/\/yoast.com\/wordpress\/plugins\/seo\/ -->\n<title>Achat et vente d&#039;iSpindel et Pi\u00e8ces. - Boutique iSpindel.Fr - Densim\u00e8tre connect\u00e9 DIY<\/title>\n<meta name=\"robots\" content=\"index, follow, max-snippet:-1, max-image-preview:large, max-video-preview:-1\" \/>\n<link rel=\"canonical\" href=\"https:\/\/www.ispindel.fr\/en\/achats-ventes\/\" \/>\n<meta property=\"og:locale\" content=\"en_US\" \/>\n<meta property=\"og:type\" content=\"article\" \/>\n<meta property=\"og:title\" content=\"Achat et vente d&#039;iSpindel et Pi\u00e8ces.\" \/>\n<meta property=\"og:description\" content=\"Retrouvez ici, diff\u00e9rents liens afin d&#8217;acheter un(des) iSpindel(s), ainsi que des pi\u00e8ces d\u00e9tach\u00e9es. Des kits seront \u00e9galement bient\u00f4t disponible. iSpindels &#8211; Densim\u00e8tre connect\u00e9 Wifi &#8211; Wifi Beer Hydrometer &#8211; Mont\u00e9 et calibr\u00e9 !Si vous \u00eates de France, merci de privil\u00e9gier &hellip; Continue reading &rarr;\" \/>\n<meta property=\"og:url\" content=\"https:\/\/www.ispindel.fr\/en\/achats-ventes\/\" \/>\n<meta property=\"og:site_name\" content=\"Boutique iSpindel.Fr - Densim\u00e8tre connect\u00e9 DIY\" \/>\n<meta property=\"article:modified_time\" content=\"2024-12-27T23:20:53+00:00\" \/>\n<meta property=\"og:image\" content=\"https:\/\/www.ispindel.fr\/wp-content\/uploads\/2024\/11\/lbc.jpg\" \/>\n<meta name=\"twitter:card\" content=\"summary_large_image\" \/>\n<meta name=\"twitter:label1\" content=\"Est. reading time\" \/>\n\t<meta name=\"twitter:data1\" content=\"2 minutes\" \/>\n<script type=\"application\/ld+json\" class=\"yoast-schema-graph\">{\"@context\":\"https:\/\/schema.org\",\"@graph\":[{\"@type\":\"WebPage\",\"@id\":\"https:\/\/www.ispindel.fr\/achats-ventes\/\",\"url\":\"https:\/\/www.ispindel.fr\/achats-ventes\/\",\"name\":\"Achat et vente d'iSpindel et Pi\u00e8ces. - Boutique iSpindel.Fr - Densim\u00e8tre connect\u00e9 DIY\",\"isPartOf\":{\"@id\":\"https:\/\/www.ispindel.fr\/#website\"},\"primaryImageOfPage\":{\"@id\":\"https:\/\/www.ispindel.fr\/achats-ventes\/#primaryimage\"},\"image\":{\"@id\":\"https:\/\/www.ispindel.fr\/achats-ventes\/#primaryimage\"},\"thumbnailUrl\":\"https:\/\/www.ispindel.fr\/wp-content\/uploads\/2024\/11\/lbc.jpg\",\"datePublished\":\"2024-11-01T21:25:30+00:00\",\"dateModified\":\"2024-12-27T23:20:53+00:00\",\"breadcrumb\":{\"@id\":\"https:\/\/www.ispindel.fr\/achats-ventes\/#breadcrumb\"},\"inLanguage\":\"en-US\",\"potentialAction\":[{\"@type\":\"ReadAction\",\"target\":[\"https:\/\/www.ispindel.fr\/achats-ventes\/\"]}]},{\"@type\":\"ImageObject\",\"inLanguage\":\"en-US\",\"@id\":\"https:\/\/www.ispindel.fr\/achats-ventes\/#primaryimage\",\"url\":\"https:\/\/www.ispindel.fr\/wp-content\/uploads\/2024\/11\/lbc.jpg\",\"contentUrl\":\"https:\/\/www.ispindel.fr\/wp-content\/uploads\/2024\/11\/lbc.jpg\",\"width\":400,\"height\":400},{\"@type\":\"BreadcrumbList\",\"@id\":\"https:\/\/www.ispindel.fr\/achats-ventes\/#breadcrumb\",\"itemListElement\":[{\"@type\":\"ListItem\",\"position\":1,\"name\":\"Accueil\",\"item\":\"https:\/\/www.ispindel.fr\/\"},{\"@type\":\"ListItem\",\"position\":2,\"name\":\"Achat et vente d&rsquo;iSpindel et Pi\u00e8ces.\"}]},{\"@type\":\"WebSite\",\"@id\":\"https:\/\/www.ispindel.fr\/#website\",\"url\":\"https:\/\/www.ispindel.fr\/\",\"name\":\"iSpindel.Fr - Densim\u00e8tre connect\u00e9 DIY\",\"description\":\"Site francophone autour du iSpindel. Tutoriels, montage, achats, configuration...\",\"publisher\":{\"@id\":\"https:\/\/www.ispindel.fr\/#\/schema\/person\/782362459c10d01f80726f78cd31c5a3\"},\"potentialAction\":[{\"@type\":\"SearchAction\",\"target\":{\"@type\":\"EntryPoint\",\"urlTemplate\":\"https:\/\/www.ispindel.fr\/?s={search_term_string}\"},\"query-input\":\"required name=search_term_string\"}],\"inLanguage\":\"en-US\"},{\"@type\":[\"Person\",\"Organization\"],\"@id\":\"https:\/\/www.ispindel.fr\/#\/schema\/person\/782362459c10d01f80726f78cd31c5a3\",\"name\":\"PONSOT Josquin\",\"logo\":{\"@id\":\"https:\/\/www.ispindel.fr\/#\/schema\/person\/image\/\"},\"sameAs\":[\"https:\/\/www.ispindel.fr\"],\"honorificPrefix\":\"M.\",\"publishingPrinciples\":\"https:\/\/www.ispindel.fr\/\"}]}<\/script>\n<!-- \/ Yoast SEO Premium plugin. -->","yoast_head_json":{"title":"Achat et vente d'iSpindel et Pi\u00e8ces. - Boutique iSpindel.Fr - Densim\u00e8tre connect\u00e9 DIY","robots":{"index":"index","follow":"follow","max-snippet":"max-snippet:-1","max-image-preview":"max-image-preview:large","max-video-preview":"max-video-preview:-1"},"canonical":"https:\/\/www.ispindel.fr\/en\/achats-ventes\/","og_locale":"en_US","og_type":"article","og_title":"Achat et vente d'iSpindel et Pi\u00e8ces.","og_description":"Retrouvez ici, diff\u00e9rents liens afin d&#8217;acheter un(des) iSpindel(s), ainsi que des pi\u00e8ces d\u00e9tach\u00e9es. Des kits seront \u00e9galement bient\u00f4t disponible. iSpindels &#8211; Densim\u00e8tre connect\u00e9 Wifi &#8211; Wifi Beer Hydrometer &#8211; Mont\u00e9 et calibr\u00e9 !Si vous \u00eates de France, merci de privil\u00e9gier &hellip; Continue reading &rarr;","og_url":"https:\/\/www.ispindel.fr\/en\/achats-ventes\/","og_site_name":"Boutique iSpindel.Fr - Densim\u00e8tre connect\u00e9 DIY","article_modified_time":"2024-12-27T23:20:53+00:00","og_image":[{"url":"https:\/\/www.ispindel.fr\/wp-content\/uploads\/2024\/11\/lbc.jpg"}],"twitter_card":"summary_large_image","twitter_misc":{"Est. reading time":"2 minutes"},"schema":{"@context":"https:\/\/schema.org","@graph":[{"@type":"WebPage","@id":"https:\/\/www.ispindel.fr\/achats-ventes\/","url":"https:\/\/www.ispindel.fr\/achats-ventes\/","name":"Achat et vente d'iSpindel et Pi\u00e8ces. - Boutique iSpindel.Fr - Densim\u00e8tre connect\u00e9 DIY","isPartOf":{"@id":"https:\/\/www.ispindel.fr\/#website"},"primaryImageOfPage":{"@id":"https:\/\/www.ispindel.fr\/achats-ventes\/#primaryimage"},"image":{"@id":"https:\/\/www.ispindel.fr\/achats-ventes\/#primaryimage"},"thumbnailUrl":"https:\/\/www.ispindel.fr\/wp-content\/uploads\/2024\/11\/lbc.jpg","datePublished":"2024-11-01T21:25:30+00:00","dateModified":"2024-12-27T23:20:53+00:00","breadcrumb":{"@id":"https:\/\/www.ispindel.fr\/achats-ventes\/#breadcrumb"},"inLanguage":"en-US","potentialAction":[{"@type":"ReadAction","target":["https:\/\/www.ispindel.fr\/achats-ventes\/"]}]},{"@type":"ImageObject","inLanguage":"en-US","@id":"https:\/\/www.ispindel.fr\/achats-ventes\/#primaryimage","url":"https:\/\/www.ispindel.fr\/wp-content\/uploads\/2024\/11\/lbc.jpg","contentUrl":"https:\/\/www.ispindel.fr\/wp-content\/uploads\/2024\/11\/lbc.jpg","width":400,"height":400},{"@type":"BreadcrumbList","@id":"https:\/\/www.ispindel.fr\/achats-ventes\/#breadcrumb","itemListElement":[{"@type":"ListItem","position":1,"name":"Accueil","item":"https:\/\/www.ispindel.fr\/"},{"@type":"ListItem","position":2,"name":"Achat et vente d&rsquo;iSpindel et Pi\u00e8ces."}]},{"@type":"WebSite","@id":"https:\/\/www.ispindel.fr\/#website","url":"https:\/\/www.ispindel.fr\/","name":"iSpindel.Fr - Densim\u00e8tre connect\u00e9 DIY","description":"Site francophone autour du iSpindel. Tutoriels, montage, achats, configuration...","publisher":{"@id":"https:\/\/www.ispindel.fr\/#\/schema\/person\/782362459c10d01f80726f78cd31c5a3"},"potentialAction":[{"@type":"SearchAction","target":{"@type":"EntryPoint","urlTemplate":"https:\/\/www.ispindel.fr\/?s={search_term_string}"},"query-input":"required name=search_term_string"}],"inLanguage":"en-US"},{"@type":["Person","Organization"],"@id":"https:\/\/www.ispindel.fr\/#\/schema\/person\/782362459c10d01f80726f78cd31c5a3","name":"PONSOT Josquin","logo":{"@id":"https:\/\/www.ispindel.fr\/#\/schema\/person\/image\/"},"sameAs":["https:\/\/www.ispindel.fr"],"honorificPrefix":"M.","publishingPrinciples":"https:\/\/www.ispindel.fr\/"}]}},"jetpack_sharing_enabled":true,"_links":{"self":[{"href":"https:\/\/www.ispindel.fr\/en\/wp-json\/wp\/v2\/pages\/141","targetHints":{"allow":["GET"]}}],"collection":[{"href":"https:\/\/www.ispindel.fr\/en\/wp-json\/wp\/v2\/pages"}],"about":[{"href":"https:\/\/www.ispindel.fr\/en\/wp-json\/wp\/v2\/types\/page"}],"author":[{"embeddable":true,"href":"https:\/\/www.ispindel.fr\/en\/wp-json\/wp\/v2\/users\/1"}],"replies":[{"embeddable":true,"href":"https:\/\/www.ispindel.fr\/en\/wp-json\/wp\/v2\/comments?post=141"}],"version-history":[{"count":40,"href":"https:\/\/www.ispindel.fr\/en\/wp-json\/wp\/v2\/pages\/141\/revisions"}],"predecessor-version":[{"id":194,"href":"https:\/\/www.ispindel.fr\/en\/wp-json\/wp\/v2\/pages\/141\/revisions\/194"}],"wp:attachment":[{"href":"https:\/\/www.ispindel.fr\/en\/wp-json\/wp\/v2\/media?parent=141"}],"curies":[{"name":"wp","href":"https:\/\/api.w.org\/{rel}","templated":true}]}}