{"id":10,"date":"2024-03-21T15:17:54","date_gmt":"2024-03-21T14:17:54","guid":{"rendered":"https:\/\/www.ispindel.fr\/?page_id=10"},"modified":"2024-06-12T00:36:45","modified_gmt":"2024-06-11T22:36:45","slug":"accueil","status":"publish","type":"page","link":"https:\/\/www.ispindel.fr\/en\/","title":{"rendered":"Home"},"content":{"rendered":"<p>Welcome to the homepage of the French iSpindel website.<br \/>You will also find <a href=\"https:\/\/ispindel.de\/\" data-type=\"link\" data-id=\"https:\/\/ispindel.de\/\">here<\/a>, the official page of the iSpindel project, by <a href=\"https:\/\/github.com\/universam1\" data-type=\"link\" data-id=\"https:\/\/github.com\/universam1\">Universe one<\/a>. All credit therefore goes to him for the design and firmware maintenance.<\/p>\r\n\r\n\r\n\r\n<p>The iSpindel has a simple and relatively modern design. It uses the principle of flotation in a liquid and solely relies on pure mathematics. It allows data to be sent directly via WiFi.<br \/>It has relative precision and mainly allows for tracking the progress of fermentation.<br \/>Primarily used by amateur beer brewers, it can just as well be used to track the fermentation of other liquids such as mead, wine, cider, kombucha...<\/p>\r\n\r\n\r\n\r\n<p>The iSpindle does not replace the accuracy of a reading with a hydrometer or refractometer, but it primarily allows for monitoring without opening your fermenter, thus avoiding the introduction of bacteria.<\/p>\r\n\r\n\r\n\r\n<p>All information can be sent directly to apps\/websites\/mobile devices to benefit from a detailed brewing experience.<\/p>\r\n\r\n\r\n\r\n<p>This site will bring together all possible information about the iSpindle, and will evolve over time.<br \/>You will find tutorials on manufacturing, updates, user manuals, integration tutorials, explanations of different firmwares, as well as links to purchase them or for changing internal parts.<\/p>\r\n\r\n\r\n\r\n<p>For any questions, please do not hesitate to ask me your questions via the contact page.<\/p>\r\n\r\n\r\n\r\n<p>Good brewing!<code><\/code><\/p>","protected":false},"excerpt":{"rendered":"<p>Bienvenue sur la page d&#8217;accueil du site fran\u00e7ais du iSpindel.Vous retrouverez \u00e9galement ici, la page officiel du projet iSpindel, par Universam1. Tous les cr\u00e9dits reviennent donc \u00e0 lui de la conception, \u00e0 la maintenance du firmware. L&#8217;iSpindel a un design &hellip; <a href=\"https:\/\/www.ispindel.fr\/en\/\">Continue reading <span class=\"meta-nav\">&rarr;<\/span><\/a><\/p>","protected":false},"author":1,"featured_media":6,"parent":0,"menu_order":0,"comment_status":"closed","ping_status":"closed","template":"","meta":{"footnotes":""},"class_list":["post-10","page","type-page","status-publish","has-post-thumbnail","hentry"],"yoast_head":"<!-- This site is optimized with the Yoast SEO Premium plugin v22.3 (Yoast SEO v22.3) - https:\/\/yoast.com\/wordpress\/plugins\/seo\/ -->\n<title>Accueil - Boutique iSpindel.Fr - Densim\u00e8tre connect\u00e9 DIY<\/title>\n<meta name=\"description\" content=\"Site francophone autour du iSpindel. Tutoriels, montage, achats, configuration... Bon brassage \u00e0 toutes et tous.\" \/>\n<meta name=\"robots\" content=\"index, follow, max-snippet:-1, max-image-preview:large, max-video-preview:-1\" \/>\n<link rel=\"canonical\" href=\"https:\/\/www.ispindel.fr\/en\/\" \/>\n<meta property=\"og:locale\" content=\"en_US\" \/>\n<meta property=\"og:type\" content=\"article\" \/>\n<meta property=\"og:title\" content=\"Accueil\" \/>\n<meta property=\"og:description\" content=\"Site francophone autour du iSpindel. Tutoriels, montage, achats, configuration... Bon brassage \u00e0 toutes et tous.\" \/>\n<meta property=\"og:url\" content=\"https:\/\/www.ispindel.fr\/en\/\" \/>\n<meta property=\"og:site_name\" content=\"Boutique iSpindel.Fr - Densim\u00e8tre connect\u00e9 DIY\" \/>\n<meta property=\"article:modified_time\" content=\"2024-06-11T22:36:45+00:00\" \/>\n<meta property=\"og:image\" content=\"https:\/\/www.ispindel.fr\/wp-content\/uploads\/2024\/03\/20230731_144635-scaled.jpg\" \/>\n\t<meta property=\"og:image:width\" content=\"2560\" \/>\n\t<meta property=\"og:image:height\" content=\"1920\" \/>\n\t<meta property=\"og:image:type\" content=\"image\/jpeg\" \/>\n<meta name=\"twitter:card\" content=\"summary_large_image\" \/>\n<meta name=\"twitter:label1\" content=\"Est. reading time\" \/>\n\t<meta name=\"twitter:data1\" content=\"2 minutes\" \/>\n<script type=\"application\/ld+json\" class=\"yoast-schema-graph\">{\"@context\":\"https:\/\/schema.org\",\"@graph\":[{\"@type\":\"WebPage\",\"@id\":\"https:\/\/www.ispindel.fr\/\",\"url\":\"https:\/\/www.ispindel.fr\/\",\"name\":\"Accueil - Boutique iSpindel.Fr - Densim\u00e8tre connect\u00e9 DIY\",\"isPartOf\":{\"@id\":\"https:\/\/www.ispindel.fr\/#website\"},\"primaryImageOfPage\":{\"@id\":\"https:\/\/www.ispindel.fr\/#primaryimage\"},\"image\":{\"@id\":\"https:\/\/www.ispindel.fr\/#primaryimage\"},\"thumbnailUrl\":\"https:\/\/www.ispindel.fr\/wp-content\/uploads\/2024\/03\/20230731_144635-scaled.jpg\",\"datePublished\":\"2024-03-21T14:17:54+00:00\",\"dateModified\":\"2024-06-11T22:36:45+00:00\",\"description\":\"Site francophone autour du iSpindel. Tutoriels, montage, achats, configuration... Bon brassage \u00e0 toutes et tous.\",\"breadcrumb\":{\"@id\":\"https:\/\/www.ispindel.fr\/#breadcrumb\"},\"inLanguage\":\"en-US\",\"potentialAction\":[{\"@type\":\"ReadAction\",\"target\":[\"https:\/\/www.ispindel.fr\/\"]}]},{\"@type\":\"ImageObject\",\"inLanguage\":\"en-US\",\"@id\":\"https:\/\/www.ispindel.fr\/#primaryimage\",\"url\":\"https:\/\/www.ispindel.fr\/wp-content\/uploads\/2024\/03\/20230731_144635-scaled.jpg\",\"contentUrl\":\"https:\/\/www.ispindel.fr\/wp-content\/uploads\/2024\/03\/20230731_144635-scaled.jpg\",\"width\":2560,\"height\":1920},{\"@type\":\"BreadcrumbList\",\"@id\":\"https:\/\/www.ispindel.fr\/#breadcrumb\",\"itemListElement\":[{\"@type\":\"ListItem\",\"position\":1,\"name\":\"Accueil\",\"item\":\"https:\/\/www.ispindel.fr\/\"},{\"@type\":\"ListItem\",\"position\":2,\"name\":\"Accueil\"}]},{\"@type\":\"WebSite\",\"@id\":\"https:\/\/www.ispindel.fr\/#website\",\"url\":\"https:\/\/www.ispindel.fr\/\",\"name\":\"iSpindel.Fr - Densim\u00e8tre connect\u00e9 DIY\",\"description\":\"Site francophone autour du iSpindel. Tutoriels, montage, achats, configuration...\",\"publisher\":{\"@id\":\"https:\/\/www.ispindel.fr\/#\/schema\/person\/782362459c10d01f80726f78cd31c5a3\"},\"potentialAction\":[{\"@type\":\"SearchAction\",\"target\":{\"@type\":\"EntryPoint\",\"urlTemplate\":\"https:\/\/www.ispindel.fr\/?s={search_term_string}\"},\"query-input\":\"required name=search_term_string\"}],\"inLanguage\":\"en-US\"},{\"@type\":[\"Person\",\"Organization\"],\"@id\":\"https:\/\/www.ispindel.fr\/#\/schema\/person\/782362459c10d01f80726f78cd31c5a3\",\"name\":\"PONSOT Josquin\",\"logo\":{\"@id\":\"https:\/\/www.ispindel.fr\/#\/schema\/person\/image\/\"},\"sameAs\":[\"https:\/\/www.ispindel.fr\"],\"honorificPrefix\":\"M.\",\"publishingPrinciples\":\"https:\/\/www.ispindel.fr\/\"}]}<\/script>\n<!-- \/ Yoast SEO Premium plugin. -->","yoast_head_json":{"title":"Accueil - Boutique iSpindel.Fr - Densim\u00e8tre connect\u00e9 DIY","description":"Site francophone autour du iSpindel. Tutoriels, montage, achats, configuration... Bon brassage \u00e0 toutes et tous.","robots":{"index":"index","follow":"follow","max-snippet":"max-snippet:-1","max-image-preview":"max-image-preview:large","max-video-preview":"max-video-preview:-1"},"canonical":"https:\/\/www.ispindel.fr\/en\/","og_locale":"en_US","og_type":"article","og_title":"Accueil","og_description":"Site francophone autour du iSpindel. Tutoriels, montage, achats, configuration... Bon brassage \u00e0 toutes et tous.","og_url":"https:\/\/www.ispindel.fr\/en\/","og_site_name":"Boutique iSpindel.Fr - Densim\u00e8tre connect\u00e9 DIY","article_modified_time":"2024-06-11T22:36:45+00:00","og_image":[{"width":2560,"height":1920,"url":"https:\/\/www.ispindel.fr\/wp-content\/uploads\/2024\/03\/20230731_144635-scaled.jpg","type":"image\/jpeg"}],"twitter_card":"summary_large_image","twitter_misc":{"Est. reading time":"2 minutes"},"schema":{"@context":"https:\/\/schema.org","@graph":[{"@type":"WebPage","@id":"https:\/\/www.ispindel.fr\/","url":"https:\/\/www.ispindel.fr\/","name":"Accueil - Boutique iSpindel.Fr - Densim\u00e8tre connect\u00e9 DIY","isPartOf":{"@id":"https:\/\/www.ispindel.fr\/#website"},"primaryImageOfPage":{"@id":"https:\/\/www.ispindel.fr\/#primaryimage"},"image":{"@id":"https:\/\/www.ispindel.fr\/#primaryimage"},"thumbnailUrl":"https:\/\/www.ispindel.fr\/wp-content\/uploads\/2024\/03\/20230731_144635-scaled.jpg","datePublished":"2024-03-21T14:17:54+00:00","dateModified":"2024-06-11T22:36:45+00:00","description":"Site francophone autour du iSpindel. Tutoriels, montage, achats, configuration... Bon brassage \u00e0 toutes et tous.","breadcrumb":{"@id":"https:\/\/www.ispindel.fr\/#breadcrumb"},"inLanguage":"en-US","potentialAction":[{"@type":"ReadAction","target":["https:\/\/www.ispindel.fr\/"]}]},{"@type":"ImageObject","inLanguage":"en-US","@id":"https:\/\/www.ispindel.fr\/#primaryimage","url":"https:\/\/www.ispindel.fr\/wp-content\/uploads\/2024\/03\/20230731_144635-scaled.jpg","contentUrl":"https:\/\/www.ispindel.fr\/wp-content\/uploads\/2024\/03\/20230731_144635-scaled.jpg","width":2560,"height":1920},{"@type":"BreadcrumbList","@id":"https:\/\/www.ispindel.fr\/#breadcrumb","itemListElement":[{"@type":"ListItem","position":1,"name":"Accueil","item":"https:\/\/www.ispindel.fr\/"},{"@type":"ListItem","position":2,"name":"Accueil"}]},{"@type":"WebSite","@id":"https:\/\/www.ispindel.fr\/#website","url":"https:\/\/www.ispindel.fr\/","name":"iSpindel.Fr - Densim\u00e8tre connect\u00e9 DIY","description":"Site francophone autour du iSpindel. Tutoriels, montage, achats, configuration...","publisher":{"@id":"https:\/\/www.ispindel.fr\/#\/schema\/person\/782362459c10d01f80726f78cd31c5a3"},"potentialAction":[{"@type":"SearchAction","target":{"@type":"EntryPoint","urlTemplate":"https:\/\/www.ispindel.fr\/?s={search_term_string}"},"query-input":"required name=search_term_string"}],"inLanguage":"en-US"},{"@type":["Person","Organization"],"@id":"https:\/\/www.ispindel.fr\/#\/schema\/person\/782362459c10d01f80726f78cd31c5a3","name":"PONSOT Josquin","logo":{"@id":"https:\/\/www.ispindel.fr\/#\/schema\/person\/image\/"},"sameAs":["https:\/\/www.ispindel.fr"],"honorificPrefix":"M.","publishingPrinciples":"https:\/\/www.ispindel.fr\/"}]}},"jetpack_sharing_enabled":true,"_links":{"self":[{"href":"https:\/\/www.ispindel.fr\/en\/wp-json\/wp\/v2\/pages\/10","targetHints":{"allow":["GET"]}}],"collection":[{"href":"https:\/\/www.ispindel.fr\/en\/wp-json\/wp\/v2\/pages"}],"about":[{"href":"https:\/\/www.ispindel.fr\/en\/wp-json\/wp\/v2\/types\/page"}],"author":[{"embeddable":true,"href":"https:\/\/www.ispindel.fr\/en\/wp-json\/wp\/v2\/users\/1"}],"replies":[{"embeddable":true,"href":"https:\/\/www.ispindel.fr\/en\/wp-json\/wp\/v2\/comments?post=10"}],"version-history":[{"count":6,"href":"https:\/\/www.ispindel.fr\/en\/wp-json\/wp\/v2\/pages\/10\/revisions"}],"predecessor-version":[{"id":121,"href":"https:\/\/www.ispindel.fr\/en\/wp-json\/wp\/v2\/pages\/10\/revisions\/121"}],"wp:featuredmedia":[{"embeddable":true,"href":"https:\/\/www.ispindel.fr\/en\/wp-json\/wp\/v2\/media\/6"}],"wp:attachment":[{"href":"https:\/\/www.ispindel.fr\/en\/wp-json\/wp\/v2\/media?parent=10"}],"curies":[{"name":"wp","href":"https:\/\/api.w.org\/{rel}","templated":true}]}}